{"id":3801,"date":"2021-04-19T17:12:16","date_gmt":"2021-04-19T15:12:16","guid":{"rendered":"https:\/\/limhamnstandlakargrupp.se\/emergency-dentalcare\/"},"modified":"2024-07-12T20:11:11","modified_gmt":"2024-07-12T18:11:11","slug":"emergency-dentalcare","status":"publish","type":"page","link":"https:\/\/bjarredstandlakargrupp.se\/en\/emergency-dentalcare\/","title":{"rendered":"Emergency Dental Care"},"content":{"rendered":"\t\t<div data-elementor-type=\"wp-page\" data-elementor-id=\"3801\" class=\"elementor elementor-3801 elementor-11\" data-elementor-post-type=\"page\">\n\t\t\t\t\t\t<section class=\"elementor-section elementor-top-section elementor-element elementor-element-243745a6 elementor-section-height-min-height elementor-section-boxed elementor-section-height-default elementor-section-items-middle\" data-id=\"243745a6\" data-element_type=\"section\" data-e-type=\"section\" id=\"top\" data-settings=\"{&quot;background_background&quot;:&quot;classic&quot;}\">\n\t\t\t\t\t\t\t<div class=\"elementor-background-overlay\"><\/div>\n\t\t\t\t\t\t\t<div class=\"elementor-container elementor-column-gap-default\">\n\t\t\t\t\t<div class=\"elementor-column elementor-col-100 elementor-top-column elementor-element elementor-element-1f8708cd\" data-id=\"1f8708cd\" data-element_type=\"column\" data-e-type=\"column\">\n\t\t\t<div class=\"elementor-widget-wrap\">\n\t\t\t\t\t\t\t<\/div>\n\t\t<\/div>\n\t\t\t\t\t<\/div>\n\t\t<\/section>\n\t\t\t\t<section class=\"elementor-section elementor-top-section elementor-element elementor-element-22aeee58 elementor-section-content-top elementor-section-boxed elementor-section-height-default elementor-section-height-default\" data-id=\"22aeee58\" data-element_type=\"section\" data-e-type=\"section\" data-settings=\"{&quot;background_background&quot;:&quot;classic&quot;}\">\n\t\t\t\t\t\t<div class=\"elementor-container elementor-column-gap-no\">\n\t\t\t\t\t<div class=\"elementor-column elementor-col-50 elementor-top-column elementor-element elementor-element-de188d\" data-id=\"de188d\" data-element_type=\"column\" data-e-type=\"column\" data-settings=\"{&quot;background_background&quot;:&quot;classic&quot;}\">\n\t\t\t<div class=\"elementor-widget-wrap elementor-element-populated\">\n\t\t\t\t\t<div class=\"elementor-background-overlay\"><\/div>\n\t\t\t\t\t\t<div class=\"elementor-element elementor-element-72c4451e elementor-widget elementor-widget-heading\" data-id=\"72c4451e\" data-element_type=\"widget\" data-e-type=\"widget\" data-widget_type=\"heading.default\">\n\t\t\t\t<div class=\"elementor-widget-container\">\n\t\t\t\t\t<h1 class=\"elementor-heading-title elementor-size-default\">Emergency Dental Care<\/h1>\t\t\t\t<\/div>\n\t\t\t\t<\/div>\n\t\t\t\t<div class=\"elementor-element elementor-element-d0242a7 elementor-widget elementor-widget-heading\" data-id=\"d0242a7\" data-element_type=\"widget\" data-e-type=\"widget\" data-widget_type=\"heading.default\">\n\t\t\t\t<div class=\"elementor-widget-container\">\n\t\t\t\t\t<h1 class=\"elementor-heading-title elementor-size-default\"><a href=\"tel:+4646294088\">046 29 40 88<\/a><\/h1>\t\t\t\t<\/div>\n\t\t\t\t<\/div>\n\t\t\t\t<div class=\"elementor-element elementor-element-0a18e18 elementor-widget elementor-widget-heading\" data-id=\"0a18e18\" data-element_type=\"widget\" data-e-type=\"widget\" data-widget_type=\"heading.default\">\n\t\t\t\t<div class=\"elementor-widget-container\">\n\t\t\t\t\t<h2 class=\"elementor-heading-title elementor-size-default\">Phone Operating Hours Mon - Fri 8am - 12.30pm <\/h2>\t\t\t\t<\/div>\n\t\t\t\t<\/div>\n\t\t\t\t<section class=\"elementor-section elementor-inner-section elementor-element elementor-element-1bb7ec7 elementor-section-boxed elementor-section-height-default elementor-section-height-default\" data-id=\"1bb7ec7\" data-element_type=\"section\" data-e-type=\"section\">\n\t\t\t\t\t\t<div class=\"elementor-container elementor-column-gap-default\">\n\t\t\t\t\t<div class=\"elementor-column elementor-col-100 elementor-inner-column elementor-element elementor-element-6e4617a\" data-id=\"6e4617a\" data-element_type=\"column\" data-e-type=\"column\">\n\t\t\t<div class=\"elementor-widget-wrap elementor-element-populated\">\n\t\t\t\t\t\t<div class=\"elementor-element elementor-element-b67c18f elementor-widget elementor-widget-text-editor\" data-id=\"b67c18f\" data-element_type=\"widget\" data-e-type=\"widget\" data-widget_type=\"text-editor.default\">\n\t\t\t\t<div class=\"elementor-widget-container\">\n\t\t\t\t\t\t\t\t\t<p>If you want to contact us outside our telephone hours, you can send us a message via our email form.<\/p>\n\t\t\t\t\t\t\t\t<\/div>\n\t\t\t\t<\/div>\n\t\t\t\t<div class=\"elementor-element elementor-element-6f57c75 elementor-widget__width-auto elementor-widget elementor-widget-button\" data-id=\"6f57c75\" data-element_type=\"widget\" data-e-type=\"widget\" data-widget_type=\"button.default\">\n\t\t\t\t<div class=\"elementor-widget-container\">\n\t\t\t\t\t\t\t\t\t<div class=\"elementor-button-wrapper\">\n\t\t\t\t\t<a class=\"elementor-button elementor-button-link elementor-size-xs\" href=\"https:\/\/bjarredstandlakargrupp.se\/en\/contact-me-urgently\/\">\n\t\t\t\t\t\t<span class=\"elementor-button-content-wrapper\">\n\t\t\t\t\t\t\t\t\t<span class=\"elementor-button-text\">Contact Me Urgently<\/span>\n\t\t\t\t\t<\/span>\n\t\t\t\t\t<\/a>\n\t\t\t\t<\/div>\n\t\t\t\t\t\t\t\t<\/div>\n\t\t\t\t<\/div>\n\t\t\t\t\t<\/div>\n\t\t<\/div>\n\t\t\t\t\t<\/div>\n\t\t<\/section>\n\t\t\t\t\t<\/div>\n\t\t<\/div>\n\t\t\t\t<div class=\"elementor-column elementor-col-50 elementor-top-column elementor-element elementor-element-5f88629\" data-id=\"5f88629\" data-element_type=\"column\" data-e-type=\"column\" data-settings=\"{&quot;background_background&quot;:&quot;classic&quot;}\">\n\t\t\t<div class=\"elementor-widget-wrap elementor-element-populated\">\n\t\t\t\t\t<div class=\"elementor-background-overlay\"><\/div>\n\t\t\t\t\t\t<div class=\"elementor-element elementor-element-6aef844 elementor-widget elementor-widget-heading\" data-id=\"6aef844\" data-element_type=\"widget\" data-e-type=\"widget\" data-widget_type=\"heading.default\">\n\t\t\t\t<div class=\"elementor-widget-container\">\n\t\t\t\t\t<h2 class=\"elementor-heading-title elementor-size-default\">If you contact us for an emergency, we will do our best to schedule an appointment for the same day.<\/h2>\t\t\t\t<\/div>\n\t\t\t\t<\/div>\n\t\t\t\t<div class=\"elementor-element elementor-element-f883379 elementor-widget elementor-widget-text-editor\" data-id=\"f883379\" data-element_type=\"widget\" data-e-type=\"widget\" data-widget_type=\"text-editor.default\">\n\t\t\t\t<div class=\"elementor-widget-container\">\n\t\t\t\t\t\t\t\t\t<p>We conduct a thorough examination to identify the symptoms and make sure to start treatment immediately. You will always receive clear information about the cause of your symptoms and a cost estimate before we start your treatment. <\/p>\n\t\t\t\t\t\t\t\t<\/div>\n\t\t\t\t<\/div>\n\t\t\t\t<div class=\"elementor-element elementor-element-0b1617e elementor-widget elementor-widget-heading\" data-id=\"0b1617e\" data-element_type=\"widget\" data-e-type=\"widget\" data-widget_type=\"heading.default\">\n\t\t\t\t<div class=\"elementor-widget-container\">\n\t\t\t\t\t<h2 class=\"elementor-heading-title elementor-size-default\">Dental Anxiety<\/h2>\t\t\t\t<\/div>\n\t\t\t\t<\/div>\n\t\t\t\t<div class=\"elementor-element elementor-element-c147bb4 elementor-widget elementor-widget-text-editor\" data-id=\"c147bb4\" data-element_type=\"widget\" data-e-type=\"widget\" data-widget_type=\"text-editor.default\">\n\t\t\t\t<div class=\"elementor-widget-container\">\n\t\t\t\t\t\t\t\t\t<p>If you feel great discomfort before your treatment, we, as one of the few clinics in Sweden, can offer you dental care together with an anesthesiologist. <\/p>\n<p><a href=\"https:\/\/bjarredstandlakargrupp.se\/en\/dental-anxiety\/\">More information<\/a><\/p>\n\t\t\t\t\t\t\t\t<\/div>\n\t\t\t\t<\/div>\n\t\t\t\t<div class=\"elementor-element elementor-element-9a6d891 elementor-align-right elementor-widget elementor-widget-button\" data-id=\"9a6d891\" data-element_type=\"widget\" data-e-type=\"widget\" data-widget_type=\"button.default\">\n\t\t\t\t<div class=\"elementor-widget-container\">\n\t\t\t\t\t\t\t\t\t<div class=\"elementor-button-wrapper\">\n\t\t\t\t\t<a class=\"elementor-button elementor-button-link elementor-size-xs\" href=\"https:\/\/bjarredstandlakargrupp.se\/en\/what-we-do\/\">\n\t\t\t\t\t\t<span class=\"elementor-button-content-wrapper\">\n\t\t\t\t\t\t<span class=\"elementor-button-icon\">\n\t\t\t\t<svg aria-hidden=\"true\" class=\"e-font-icon-svg e-fas-arrow-right\" viewBox=\"0 0 448 512\" xmlns=\"http:\/\/www.w3.org\/2000\/svg\"><path d=\"M190.5 66.9l22.2-22.2c9.4-9.4 24.6-9.4 33.9 0L441 239c9.4 9.4 9.4 24.6 0 33.9L246.6 467.3c-9.4 9.4-24.6 9.4-33.9 0l-22.2-22.2c-9.5-9.5-9.3-25 .4-34.3L311.4 296H24c-13.3 0-24-10.7-24-24v-32c0-13.3 10.7-24 24-24h287.4L190.9 101.2c-9.8-9.3-10-24.8-.4-34.3z\"><\/path><\/svg>\t\t\t<\/span>\n\t\t\t\t\t\t\t\t\t<span class=\"elementor-button-text\">What We Do<\/span>\n\t\t\t\t\t<\/span>\n\t\t\t\t\t<\/a>\n\t\t\t\t<\/div>\n\t\t\t\t\t\t\t\t<\/div>\n\t\t\t\t<\/div>\n\t\t\t\t\t<\/div>\n\t\t<\/div>\n\t\t\t\t\t<\/div>\n\t\t<\/section>\n\t\t\t\t<\/div>\n\t\t","protected":false},"excerpt":{"rendered":"<p>Emergency Dental Care 046 29 40 88 Phone Operating Hours Mon &#8211; Fri 8am &#8211; 12.30pm If you want to contact us outside our telephone hours, you can send us a message via our email form. Contact Me Urgently If you contact us for an emergency, we will do our best to schedule an appointment [&hellip;]<\/p>\n","protected":false},"author":2,"featured_media":0,"parent":0,"menu_order":0,"comment_status":"closed","ping_status":"closed","template":"","meta":{"inline_featured_image":false,"footnotes":""},"class_list":["post-3801","page","type-page","status-publish","hentry"],"yoast_head":"<!-- This site is optimized with the Yoast SEO plugin v27.4 - https:\/\/yoast.com\/product\/yoast-seo-wordpress\/ -->\n<title>Emergency Dental Care - Bj\u00e4rreds Tandl\u00e4kargrupp<\/title>\n<meta name=\"robots\" content=\"index, follow, max-snippet:-1, max-image-preview:large, max-video-preview:-1\" \/>\n<link rel=\"canonical\" href=\"https:\/\/bjarredstandlakargrupp.se\/en\/emergency-dentalcare\/\" \/>\n<meta property=\"og:locale\" content=\"en_US\" \/>\n<meta property=\"og:type\" content=\"article\" \/>\n<meta property=\"og:title\" content=\"Emergency Dental Care - Bj\u00e4rreds Tandl\u00e4kargrupp\" \/>\n<meta property=\"og:description\" content=\"Emergency Dental Care 046 29 40 88 Phone Operating Hours Mon &#8211; Fri 8am &#8211; 12.30pm If you want to contact us outside our telephone hours, you can send us a message via our email form. Contact Me Urgently If you contact us for an emergency, we will do our best to schedule an appointment [&hellip;]\" \/>\n<meta property=\"og:url\" content=\"https:\/\/bjarredstandlakargrupp.se\/en\/emergency-dentalcare\/\" \/>\n<meta property=\"og:site_name\" content=\"Bj\u00e4rreds Tandl\u00e4kargrupp\" \/>\n<meta property=\"article:modified_time\" content=\"2024-07-12T18:11:11+00:00\" \/>\n<meta name=\"twitter:card\" content=\"summary_large_image\" \/>\n<meta name=\"twitter:label1\" content=\"Est. reading time\" \/>\n\t<meta name=\"twitter:data1\" content=\"1 minute\" \/>\n<script type=\"application\/ld+json\" class=\"yoast-schema-graph\">{\"@context\":\"https:\\\/\\\/schema.org\",\"@graph\":[{\"@type\":\"WebPage\",\"@id\":\"https:\\\/\\\/bjarredstandlakargrupp.se\\\/en\\\/emergency-dentalcare\\\/\",\"url\":\"https:\\\/\\\/bjarredstandlakargrupp.se\\\/en\\\/emergency-dentalcare\\\/\",\"name\":\"Emergency Dental Care - Bj\u00e4rreds Tandl\u00e4kargrupp\",\"isPartOf\":{\"@id\":\"https:\\\/\\\/bjarredstandlakargrupp.se\\\/en\\\/#website\"},\"datePublished\":\"2021-04-19T15:12:16+00:00\",\"dateModified\":\"2024-07-12T18:11:11+00:00\",\"breadcrumb\":{\"@id\":\"https:\\\/\\\/bjarredstandlakargrupp.se\\\/en\\\/emergency-dentalcare\\\/#breadcrumb\"},\"inLanguage\":\"en-US\",\"potentialAction\":[{\"@type\":\"ReadAction\",\"target\":[\"https:\\\/\\\/bjarredstandlakargrupp.se\\\/en\\\/emergency-dentalcare\\\/\"]}]},{\"@type\":\"BreadcrumbList\",\"@id\":\"https:\\\/\\\/bjarredstandlakargrupp.se\\\/en\\\/emergency-dentalcare\\\/#breadcrumb\",\"itemListElement\":[{\"@type\":\"ListItem\",\"position\":1,\"name\":\"Home\",\"item\":\"https:\\\/\\\/bjarredstandlakargrupp.se\\\/en\\\/\"},{\"@type\":\"ListItem\",\"position\":2,\"name\":\"Emergency Dental Care\"}]},{\"@type\":\"WebSite\",\"@id\":\"https:\\\/\\\/bjarredstandlakargrupp.se\\\/en\\\/#website\",\"url\":\"https:\\\/\\\/bjarredstandlakargrupp.se\\\/en\\\/\",\"name\":\"Bj\u00e4rreds Tandl\u00e4kargrupp\",\"description\":\"Komplett och Modern Tandv\u00e5rd\",\"publisher\":{\"@id\":\"https:\\\/\\\/bjarredstandlakargrupp.se\\\/en\\\/#organization\"},\"potentialAction\":[{\"@type\":\"SearchAction\",\"target\":{\"@type\":\"EntryPoint\",\"urlTemplate\":\"https:\\\/\\\/bjarredstandlakargrupp.se\\\/en\\\/?s={search_term_string}\"},\"query-input\":{\"@type\":\"PropertyValueSpecification\",\"valueRequired\":true,\"valueName\":\"search_term_string\"}}],\"inLanguage\":\"en-US\"},{\"@type\":\"Organization\",\"@id\":\"https:\\\/\\\/bjarredstandlakargrupp.se\\\/en\\\/#organization\",\"name\":\"Bj\u00e4rreds Tandl\u00e4kargrupp\",\"url\":\"https:\\\/\\\/bjarredstandlakargrupp.se\\\/en\\\/\",\"logo\":{\"@type\":\"ImageObject\",\"inLanguage\":\"en-US\",\"@id\":\"https:\\\/\\\/bjarredstandlakargrupp.se\\\/en\\\/#\\\/schema\\\/logo\\\/image\\\/\",\"url\":\"https:\\\/\\\/bjarredstandlakargrupp.se\\\/wp-content\\\/uploads\\\/2023\\\/05\\\/BTG-logo-white.png\",\"contentUrl\":\"https:\\\/\\\/bjarredstandlakargrupp.se\\\/wp-content\\\/uploads\\\/2023\\\/05\\\/BTG-logo-white.png\",\"width\":894,\"height\":200,\"caption\":\"Bj\u00e4rreds Tandl\u00e4kargrupp\"},\"image\":{\"@id\":\"https:\\\/\\\/bjarredstandlakargrupp.se\\\/en\\\/#\\\/schema\\\/logo\\\/image\\\/\"}}]}<\/script>\n<!-- \/ Yoast SEO plugin. -->","yoast_head_json":{"title":"Emergency Dental Care - Bj\u00e4rreds Tandl\u00e4kargrupp","robots":{"index":"index","follow":"follow","max-snippet":"max-snippet:-1","max-image-preview":"max-image-preview:large","max-video-preview":"max-video-preview:-1"},"canonical":"https:\/\/bjarredstandlakargrupp.se\/en\/emergency-dentalcare\/","og_locale":"en_US","og_type":"article","og_title":"Emergency Dental Care - Bj\u00e4rreds Tandl\u00e4kargrupp","og_description":"Emergency Dental Care 046 29 40 88 Phone Operating Hours Mon &#8211; Fri 8am &#8211; 12.30pm If you want to contact us outside our telephone hours, you can send us a message via our email form. Contact Me Urgently If you contact us for an emergency, we will do our best to schedule an appointment [&hellip;]","og_url":"https:\/\/bjarredstandlakargrupp.se\/en\/emergency-dentalcare\/","og_site_name":"Bj\u00e4rreds Tandl\u00e4kargrupp","article_modified_time":"2024-07-12T18:11:11+00:00","twitter_card":"summary_large_image","twitter_misc":{"Est. reading time":"1 minute"},"schema":{"@context":"https:\/\/schema.org","@graph":[{"@type":"WebPage","@id":"https:\/\/bjarredstandlakargrupp.se\/en\/emergency-dentalcare\/","url":"https:\/\/bjarredstandlakargrupp.se\/en\/emergency-dentalcare\/","name":"Emergency Dental Care - Bj\u00e4rreds Tandl\u00e4kargrupp","isPartOf":{"@id":"https:\/\/bjarredstandlakargrupp.se\/en\/#website"},"datePublished":"2021-04-19T15:12:16+00:00","dateModified":"2024-07-12T18:11:11+00:00","breadcrumb":{"@id":"https:\/\/bjarredstandlakargrupp.se\/en\/emergency-dentalcare\/#breadcrumb"},"inLanguage":"en-US","potentialAction":[{"@type":"ReadAction","target":["https:\/\/bjarredstandlakargrupp.se\/en\/emergency-dentalcare\/"]}]},{"@type":"BreadcrumbList","@id":"https:\/\/bjarredstandlakargrupp.se\/en\/emergency-dentalcare\/#breadcrumb","itemListElement":[{"@type":"ListItem","position":1,"name":"Home","item":"https:\/\/bjarredstandlakargrupp.se\/en\/"},{"@type":"ListItem","position":2,"name":"Emergency Dental Care"}]},{"@type":"WebSite","@id":"https:\/\/bjarredstandlakargrupp.se\/en\/#website","url":"https:\/\/bjarredstandlakargrupp.se\/en\/","name":"Bj\u00e4rreds Tandl\u00e4kargrupp","description":"Komplett och Modern Tandv\u00e5rd","publisher":{"@id":"https:\/\/bjarredstandlakargrupp.se\/en\/#organization"},"potentialAction":[{"@type":"SearchAction","target":{"@type":"EntryPoint","urlTemplate":"https:\/\/bjarredstandlakargrupp.se\/en\/?s={search_term_string}"},"query-input":{"@type":"PropertyValueSpecification","valueRequired":true,"valueName":"search_term_string"}}],"inLanguage":"en-US"},{"@type":"Organization","@id":"https:\/\/bjarredstandlakargrupp.se\/en\/#organization","name":"Bj\u00e4rreds Tandl\u00e4kargrupp","url":"https:\/\/bjarredstandlakargrupp.se\/en\/","logo":{"@type":"ImageObject","inLanguage":"en-US","@id":"https:\/\/bjarredstandlakargrupp.se\/en\/#\/schema\/logo\/image\/","url":"https:\/\/bjarredstandlakargrupp.se\/wp-content\/uploads\/2023\/05\/BTG-logo-white.png","contentUrl":"https:\/\/bjarredstandlakargrupp.se\/wp-content\/uploads\/2023\/05\/BTG-logo-white.png","width":894,"height":200,"caption":"Bj\u00e4rreds Tandl\u00e4kargrupp"},"image":{"@id":"https:\/\/bjarredstandlakargrupp.se\/en\/#\/schema\/logo\/image\/"}}]}},"_links":{"self":[{"href":"https:\/\/bjarredstandlakargrupp.se\/en\/wp-json\/wp\/v2\/pages\/3801","targetHints":{"allow":["GET"]}}],"collection":[{"href":"https:\/\/bjarredstandlakargrupp.se\/en\/wp-json\/wp\/v2\/pages"}],"about":[{"href":"https:\/\/bjarredstandlakargrupp.se\/en\/wp-json\/wp\/v2\/types\/page"}],"author":[{"embeddable":true,"href":"https:\/\/bjarredstandlakargrupp.se\/en\/wp-json\/wp\/v2\/users\/2"}],"replies":[{"embeddable":true,"href":"https:\/\/bjarredstandlakargrupp.se\/en\/wp-json\/wp\/v2\/comments?post=3801"}],"version-history":[{"count":3,"href":"https:\/\/bjarredstandlakargrupp.se\/en\/wp-json\/wp\/v2\/pages\/3801\/revisions"}],"predecessor-version":[{"id":6223,"href":"https:\/\/bjarredstandlakargrupp.se\/en\/wp-json\/wp\/v2\/pages\/3801\/revisions\/6223"}],"wp:attachment":[{"href":"https:\/\/bjarredstandlakargrupp.se\/en\/wp-json\/wp\/v2\/media?parent=3801"}],"curies":[{"name":"wp","href":"https:\/\/api.w.org\/{rel}","templated":true}]}}