{"id":3804,"date":"2021-04-27T20:18:25","date_gmt":"2021-04-27T18:18:25","guid":{"rendered":"https:\/\/limhamnstandlakargrupp.se\/before-your-visit\/"},"modified":"2023-09-25T02:29:12","modified_gmt":"2023-09-25T00:29:12","slug":"before-your-visit","status":"publish","type":"page","link":"https:\/\/bjarredstandlakargrupp.se\/en\/before-your-visit\/","title":{"rendered":"Before Your Visit"},"content":{"rendered":"\t\t<div data-elementor-type=\"wp-page\" data-elementor-id=\"3804\" class=\"elementor elementor-3804 elementor-676\" data-elementor-post-type=\"page\">\n\t\t\t\t\t\t<section class=\"elementor-section elementor-top-section elementor-element elementor-element-410c22ce elementor-section-content-top elementor-section-boxed elementor-section-height-default elementor-section-height-default\" data-id=\"410c22ce\" data-element_type=\"section\" data-e-type=\"section\" id=\"top\" data-settings=\"{&quot;background_background&quot;:&quot;classic&quot;}\">\n\t\t\t\t\t\t<div class=\"elementor-container elementor-column-gap-no\">\n\t\t\t\t\t<div class=\"elementor-column elementor-col-100 elementor-top-column elementor-element elementor-element-17fa04b8\" data-id=\"17fa04b8\" data-element_type=\"column\" data-e-type=\"column\" data-settings=\"{&quot;background_background&quot;:&quot;classic&quot;}\">\n\t\t\t<div class=\"elementor-widget-wrap elementor-element-populated\">\n\t\t\t\t\t<div class=\"elementor-background-overlay\"><\/div>\n\t\t\t\t\t\t<div class=\"elementor-element elementor-element-4d70a838 elementor-widget elementor-widget-heading\" data-id=\"4d70a838\" data-element_type=\"widget\" data-e-type=\"widget\" data-widget_type=\"heading.default\">\n\t\t\t\t<div class=\"elementor-widget-container\">\n\t\t\t\t\t<h1 class=\"elementor-heading-title elementor-size-default\">Before and After Your Visit<\/h1>\t\t\t\t<\/div>\n\t\t\t\t<\/div>\n\t\t\t\t\t<\/div>\n\t\t<\/div>\n\t\t\t\t\t<\/div>\n\t\t<\/section>\n\t\t\t\t<section class=\"elementor-section elementor-top-section elementor-element elementor-element-6e8aa479 elementor-section-items-top elementor-section-height-min-height elementor-section-boxed elementor-section-height-default\" data-id=\"6e8aa479\" data-element_type=\"section\" data-e-type=\"section\" data-settings=\"{&quot;background_background&quot;:&quot;classic&quot;}\">\n\t\t\t\t\t\t<div class=\"elementor-container elementor-column-gap-no\">\n\t\t\t\t\t<div class=\"elementor-column elementor-col-50 elementor-top-column elementor-element elementor-element-64e97139\" data-id=\"64e97139\" data-element_type=\"column\" data-e-type=\"column\">\n\t\t\t<div class=\"elementor-widget-wrap elementor-element-populated\">\n\t\t\t\t\t\t<div class=\"elementor-element elementor-element-753dcf9 elementor-view-default elementor-widget elementor-widget-icon\" data-id=\"753dcf9\" data-element_type=\"widget\" data-e-type=\"widget\" data-widget_type=\"icon.default\">\n\t\t\t\t<div class=\"elementor-widget-container\">\n\t\t\t\t\t\t\t<div class=\"elementor-icon-wrapper\">\n\t\t\t<div class=\"elementor-icon\">\n\t\t\t<svg xmlns=\"http:\/\/www.w3.org\/2000\/svg\" xmlns:xlink=\"http:\/\/www.w3.org\/1999\/xlink\" width=\"300\" height=\"300\" viewBox=\"0 0 300 300\"><defs><clipPath id=\"b\"><rect width=\"300\" height=\"300\"><\/rect><\/clipPath><\/defs><g id=\"a\" clip-path=\"url(#b)\"><g transform=\"translate(4 -4.61)\"><path d=\"M1112.474,1058.8a10.591,10.591,0,0,0-5.541,4.641,28.214,28.214,0,0,0-2.8,6.8c-4.046,13.21-7.372,27.564-7.372,41.428v25.93A12.824,12.824,0,0,1,1072.82,1144l-8.954-15.562a204.344,204.344,0,0,1-26.462-84.317,88.528,88.528,0,0,0-11.464-36.308l-13.444-23.5a101.533,101.533,0,0,1-13.4-50.417c0-20.6,5.184-36.266,11.845-47.9,10.385-18.121,30.182-28.783,51.148-28.783a59.53,59.53,0,0,1,10.375.911q23.5,4.148,46.994,8.292\" transform=\"translate(-999.094 -849.209)\" fill=\"none\" stroke=\"#6f96a2\" stroke-linecap=\"round\" stroke-linejoin=\"round\" stroke-width=\"6\"><\/path><path d=\"M1033.481,866.414l46.994-8.292a59.524,59.524,0,0,1,10.372-.911h.083c20.917,0,40.732,10.7,51.11,28.864,6.644,11.62,11.8,27.263,11.8,47.816h0\" transform=\"translate(-913.12 -849.209)\" fill=\"none\" stroke=\"#6f96a2\" stroke-linecap=\"round\" stroke-linejoin=\"round\" stroke-width=\"6\"><\/path><path d=\"M1081.181,872.794l-28.432-6.251c-12.489-2.744-25.839,1.085-34.1,10.844q-.887,1.045-1.743,2.212a39.065,39.065,0,0,0-7.025,23.105\" transform=\"translate(-972.124 -828.04)\" fill=\"none\" stroke=\"#6f96a2\" stroke-linecap=\"round\" stroke-linejoin=\"round\" stroke-width=\"6\"><\/path><path d=\"M1036.47,898h127.047l.005,85.294\" transform=\"translate(-905.645 -747.223)\" fill=\"none\" stroke=\"#6f96a2\" stroke-linecap=\"round\" stroke-linejoin=\"round\" stroke-width=\"6\"><\/path><path d=\"M1111.494,1019.324h-63.712a11.3,11.3,0,0,1-11.313-11.288V904.573\" transform=\"translate(-905.646 -730.795)\" fill=\"none\" stroke=\"#6f96a2\" stroke-linecap=\"round\" stroke-linejoin=\"round\" stroke-width=\"6\"><\/path><path d=\"M1163.464,891.052H1036.473v24.341h127.044Z\" transform=\"translate(-905.637 -764.6)\" fill=\"none\" stroke=\"#6f96a2\" stroke-linecap=\"round\" stroke-linejoin=\"round\" stroke-width=\"6\"><\/path><path d=\"M1071.154,958.62h-10.731V912.693l-10.088.263v-8.229l20.819-2.125Z\" transform=\"translate(-870.978 -735.722)\" fill=\"#7795a0\"><\/path><line y1=\"23.345\" transform=\"translate(136.11 103.113)\" fill=\"none\" stroke=\"#6f96a2\" stroke-linecap=\"round\" stroke-linejoin=\"round\" stroke-width=\"6\"><\/line><path d=\"M1072.769,898.006l33.816,115.291c1.326,4.523-2.409,8.961-7.543,8.961h-26.272\" transform=\"translate(-814.889 -747.215)\" fill=\"none\" stroke=\"#6f96a2\" stroke-linecap=\"round\" stroke-linejoin=\"round\" stroke-width=\"6\"><\/path><line x1=\"58.349\" transform=\"translate(145.178 241.498)\" fill=\"none\" stroke=\"#6f96a2\" stroke-linecap=\"round\" stroke-linejoin=\"round\" stroke-width=\"6\"><\/line><path d=\"M1057.9,974.826s12.068-14.4,13.935-32.538c.965-9.367,8.435-16.385,16.972-15.254,7.1.938,14.826.214,21.127-4.662a72.43,72.43,0,0,1-14.169,29.93A63.361,63.361,0,0,1,1057.9,974.826Z\" transform=\"translate(-852.059 -686.297)\" fill=\"none\" stroke=\"#6f96a2\" stroke-linecap=\"round\" stroke-linejoin=\"round\" stroke-width=\"6\"><\/path><line y1=\"23.345\" transform=\"translate(247.903 103.113)\" fill=\"none\" stroke=\"#6f96a2\" stroke-linecap=\"round\" stroke-linejoin=\"round\" stroke-width=\"6\"><\/line><\/g><\/g><\/svg>\t\t\t<\/div>\n\t\t<\/div>\n\t\t\t\t\t\t<\/div>\n\t\t\t\t<\/div>\n\t\t\t\t<div class=\"elementor-element elementor-element-63f6fb66 elementor-widget elementor-widget-text-editor\" data-id=\"63f6fb66\" data-element_type=\"widget\" data-e-type=\"widget\" data-widget_type=\"text-editor.default\">\n\t\t\t\t<div class=\"elementor-widget-container\">\n\t\t\t\t\t\t\t\t\t<p>Depending on what kind of treatment you are to receive from us, it is important that you prepare in the right way. This is especially true for patients who are to undergo anesthesia or sedation. <\/p>\n\t\t\t\t\t\t\t\t<\/div>\n\t\t\t\t<\/div>\n\t\t\t\t\t<\/div>\n\t\t<\/div>\n\t\t\t\t<div class=\"elementor-column elementor-col-50 elementor-top-column elementor-element elementor-element-67404f30\" data-id=\"67404f30\" data-element_type=\"column\" data-e-type=\"column\">\n\t\t\t<div class=\"elementor-widget-wrap elementor-element-populated\">\n\t\t\t\t\t\t<div class=\"elementor-element elementor-element-350395a4 elementor-widget elementor-widget-text-editor\" data-id=\"350395a4\" data-element_type=\"widget\" data-e-type=\"widget\" data-widget_type=\"text-editor.default\">\n\t\t\t\t<div class=\"elementor-widget-container\">\n\t\t\t\t\t\t\t\t\t<p><a href=\"https:\/\/bjarredstandlakargrupp.se\/en\/before-anesthesia\/\">What do I need to think about before an anesthesia treatment?<\/a><\/p>\n\t\t\t\t\t\t\t\t<\/div>\n\t\t\t\t<\/div>\n\t\t\t\t<div class=\"elementor-element elementor-element-8831b3e elementor-widget elementor-widget-text-editor\" data-id=\"8831b3e\" data-element_type=\"widget\" data-e-type=\"widget\" data-widget_type=\"text-editor.default\">\n\t\t\t\t<div class=\"elementor-widget-container\">\n\t\t\t\t\t\t\t\t\t<p><a style=\"font-family: var( --e-global-typography-text-font-family ), Sans-serif; font-size: var( --e-global-typography-text-font-size ); font-weight: var( --e-global-typography-text-font-weight ); letter-spacing: var( --e-global-typography-text-letter-spacing );\" href=\"https:\/\/bjarredstandlakargrupp.se\/en\/sedation\/\">What do I need to think about before a Sedation Treatment?<\/a><\/p>\n\t\t\t\t\t\t\t\t<\/div>\n\t\t\t\t<\/div>\n\t\t\t\t<div class=\"elementor-element elementor-element-8643a4a elementor-widget elementor-widget-text-editor\" data-id=\"8643a4a\" data-element_type=\"widget\" data-e-type=\"widget\" data-widget_type=\"text-editor.default\">\n\t\t\t\t<div class=\"elementor-widget-container\">\n\t\t\t\t\t\t\t\t\t<p><a href=\"https:\/\/bjarredstandlakargrupp.se\/en\/advice-after-treatment\/\">Advice for those who have been treated with dental surgery with tooth extraction, surgery or implants.<\/a><\/p>\n\t\t\t\t\t\t\t\t<\/div>\n\t\t\t\t<\/div>\n\t\t\t\t\t<\/div>\n\t\t<\/div>\n\t\t\t\t\t<\/div>\n\t\t<\/section>\n\t\t\t\t<\/div>\n\t\t","protected":false},"excerpt":{"rendered":"<p>Before and After Your Visit Depending on what kind of treatment you are to receive from us, it is important that you prepare in the right way. This is especially true for patients who are to undergo anesthesia or sedation. What do I need to think about before an anesthesia treatment? What do I need [&hellip;]<\/p>\n","protected":false},"author":2,"featured_media":0,"parent":0,"menu_order":0,"comment_status":"closed","ping_status":"closed","template":"","meta":{"inline_featured_image":false,"footnotes":""},"class_list":["post-3804","page","type-page","status-publish","hentry"],"yoast_head":"<!-- This site is optimized with the Yoast SEO plugin v27.4 - https:\/\/yoast.com\/product\/yoast-seo-wordpress\/ -->\n<title>Before Your Visit - Bj\u00e4rreds Tandl\u00e4kargrupp<\/title>\n<meta name=\"robots\" content=\"index, follow, max-snippet:-1, max-image-preview:large, max-video-preview:-1\" \/>\n<link rel=\"canonical\" href=\"https:\/\/bjarredstandlakargrupp.se\/en\/before-your-visit\/\" \/>\n<meta property=\"og:locale\" content=\"en_US\" \/>\n<meta property=\"og:type\" content=\"article\" \/>\n<meta property=\"og:title\" content=\"Before Your Visit - Bj\u00e4rreds Tandl\u00e4kargrupp\" \/>\n<meta property=\"og:description\" content=\"Before and After Your Visit Depending on what kind of treatment you are to receive from us, it is important that you prepare in the right way. This is especially true for patients who are to undergo anesthesia or sedation. What do I need to think about before an anesthesia treatment? What do I need [&hellip;]\" \/>\n<meta property=\"og:url\" content=\"https:\/\/bjarredstandlakargrupp.se\/en\/before-your-visit\/\" \/>\n<meta property=\"og:site_name\" content=\"Bj\u00e4rreds Tandl\u00e4kargrupp\" \/>\n<meta property=\"article:modified_time\" content=\"2023-09-25T00:29:12+00:00\" \/>\n<meta name=\"twitter:card\" content=\"summary_large_image\" \/>\n<meta name=\"twitter:label1\" content=\"Est. reading time\" \/>\n\t<meta name=\"twitter:data1\" content=\"1 minute\" \/>\n<script type=\"application\/ld+json\" class=\"yoast-schema-graph\">{\"@context\":\"https:\\\/\\\/schema.org\",\"@graph\":[{\"@type\":\"WebPage\",\"@id\":\"https:\\\/\\\/bjarredstandlakargrupp.se\\\/en\\\/before-your-visit\\\/\",\"url\":\"https:\\\/\\\/bjarredstandlakargrupp.se\\\/en\\\/before-your-visit\\\/\",\"name\":\"Before Your Visit - Bj\u00e4rreds Tandl\u00e4kargrupp\",\"isPartOf\":{\"@id\":\"https:\\\/\\\/bjarredstandlakargrupp.se\\\/en\\\/#website\"},\"datePublished\":\"2021-04-27T18:18:25+00:00\",\"dateModified\":\"2023-09-25T00:29:12+00:00\",\"breadcrumb\":{\"@id\":\"https:\\\/\\\/bjarredstandlakargrupp.se\\\/en\\\/before-your-visit\\\/#breadcrumb\"},\"inLanguage\":\"en-US\",\"potentialAction\":[{\"@type\":\"ReadAction\",\"target\":[\"https:\\\/\\\/bjarredstandlakargrupp.se\\\/en\\\/before-your-visit\\\/\"]}]},{\"@type\":\"BreadcrumbList\",\"@id\":\"https:\\\/\\\/bjarredstandlakargrupp.se\\\/en\\\/before-your-visit\\\/#breadcrumb\",\"itemListElement\":[{\"@type\":\"ListItem\",\"position\":1,\"name\":\"Home\",\"item\":\"https:\\\/\\\/bjarredstandlakargrupp.se\\\/en\\\/\"},{\"@type\":\"ListItem\",\"position\":2,\"name\":\"Before Your Visit\"}]},{\"@type\":\"WebSite\",\"@id\":\"https:\\\/\\\/bjarredstandlakargrupp.se\\\/en\\\/#website\",\"url\":\"https:\\\/\\\/bjarredstandlakargrupp.se\\\/en\\\/\",\"name\":\"Bj\u00e4rreds Tandl\u00e4kargrupp\",\"description\":\"Komplett och Modern Tandv\u00e5rd\",\"publisher\":{\"@id\":\"https:\\\/\\\/bjarredstandlakargrupp.se\\\/en\\\/#organization\"},\"potentialAction\":[{\"@type\":\"SearchAction\",\"target\":{\"@type\":\"EntryPoint\",\"urlTemplate\":\"https:\\\/\\\/bjarredstandlakargrupp.se\\\/en\\\/?s={search_term_string}\"},\"query-input\":{\"@type\":\"PropertyValueSpecification\",\"valueRequired\":true,\"valueName\":\"search_term_string\"}}],\"inLanguage\":\"en-US\"},{\"@type\":\"Organization\",\"@id\":\"https:\\\/\\\/bjarredstandlakargrupp.se\\\/en\\\/#organization\",\"name\":\"Bj\u00e4rreds Tandl\u00e4kargrupp\",\"url\":\"https:\\\/\\\/bjarredstandlakargrupp.se\\\/en\\\/\",\"logo\":{\"@type\":\"ImageObject\",\"inLanguage\":\"en-US\",\"@id\":\"https:\\\/\\\/bjarredstandlakargrupp.se\\\/en\\\/#\\\/schema\\\/logo\\\/image\\\/\",\"url\":\"https:\\\/\\\/bjarredstandlakargrupp.se\\\/wp-content\\\/uploads\\\/2023\\\/05\\\/BTG-logo-white.png\",\"contentUrl\":\"https:\\\/\\\/bjarredstandlakargrupp.se\\\/wp-content\\\/uploads\\\/2023\\\/05\\\/BTG-logo-white.png\",\"width\":894,\"height\":200,\"caption\":\"Bj\u00e4rreds Tandl\u00e4kargrupp\"},\"image\":{\"@id\":\"https:\\\/\\\/bjarredstandlakargrupp.se\\\/en\\\/#\\\/schema\\\/logo\\\/image\\\/\"}}]}<\/script>\n<!-- \/ Yoast SEO plugin. -->","yoast_head_json":{"title":"Before Your Visit - Bj\u00e4rreds Tandl\u00e4kargrupp","robots":{"index":"index","follow":"follow","max-snippet":"max-snippet:-1","max-image-preview":"max-image-preview:large","max-video-preview":"max-video-preview:-1"},"canonical":"https:\/\/bjarredstandlakargrupp.se\/en\/before-your-visit\/","og_locale":"en_US","og_type":"article","og_title":"Before Your Visit - Bj\u00e4rreds Tandl\u00e4kargrupp","og_description":"Before and After Your Visit Depending on what kind of treatment you are to receive from us, it is important that you prepare in the right way. This is especially true for patients who are to undergo anesthesia or sedation. What do I need to think about before an anesthesia treatment? What do I need [&hellip;]","og_url":"https:\/\/bjarredstandlakargrupp.se\/en\/before-your-visit\/","og_site_name":"Bj\u00e4rreds Tandl\u00e4kargrupp","article_modified_time":"2023-09-25T00:29:12+00:00","twitter_card":"summary_large_image","twitter_misc":{"Est. reading time":"1 minute"},"schema":{"@context":"https:\/\/schema.org","@graph":[{"@type":"WebPage","@id":"https:\/\/bjarredstandlakargrupp.se\/en\/before-your-visit\/","url":"https:\/\/bjarredstandlakargrupp.se\/en\/before-your-visit\/","name":"Before Your Visit - Bj\u00e4rreds Tandl\u00e4kargrupp","isPartOf":{"@id":"https:\/\/bjarredstandlakargrupp.se\/en\/#website"},"datePublished":"2021-04-27T18:18:25+00:00","dateModified":"2023-09-25T00:29:12+00:00","breadcrumb":{"@id":"https:\/\/bjarredstandlakargrupp.se\/en\/before-your-visit\/#breadcrumb"},"inLanguage":"en-US","potentialAction":[{"@type":"ReadAction","target":["https:\/\/bjarredstandlakargrupp.se\/en\/before-your-visit\/"]}]},{"@type":"BreadcrumbList","@id":"https:\/\/bjarredstandlakargrupp.se\/en\/before-your-visit\/#breadcrumb","itemListElement":[{"@type":"ListItem","position":1,"name":"Home","item":"https:\/\/bjarredstandlakargrupp.se\/en\/"},{"@type":"ListItem","position":2,"name":"Before Your Visit"}]},{"@type":"WebSite","@id":"https:\/\/bjarredstandlakargrupp.se\/en\/#website","url":"https:\/\/bjarredstandlakargrupp.se\/en\/","name":"Bj\u00e4rreds Tandl\u00e4kargrupp","description":"Komplett och Modern Tandv\u00e5rd","publisher":{"@id":"https:\/\/bjarredstandlakargrupp.se\/en\/#organization"},"potentialAction":[{"@type":"SearchAction","target":{"@type":"EntryPoint","urlTemplate":"https:\/\/bjarredstandlakargrupp.se\/en\/?s={search_term_string}"},"query-input":{"@type":"PropertyValueSpecification","valueRequired":true,"valueName":"search_term_string"}}],"inLanguage":"en-US"},{"@type":"Organization","@id":"https:\/\/bjarredstandlakargrupp.se\/en\/#organization","name":"Bj\u00e4rreds Tandl\u00e4kargrupp","url":"https:\/\/bjarredstandlakargrupp.se\/en\/","logo":{"@type":"ImageObject","inLanguage":"en-US","@id":"https:\/\/bjarredstandlakargrupp.se\/en\/#\/schema\/logo\/image\/","url":"https:\/\/bjarredstandlakargrupp.se\/wp-content\/uploads\/2023\/05\/BTG-logo-white.png","contentUrl":"https:\/\/bjarredstandlakargrupp.se\/wp-content\/uploads\/2023\/05\/BTG-logo-white.png","width":894,"height":200,"caption":"Bj\u00e4rreds Tandl\u00e4kargrupp"},"image":{"@id":"https:\/\/bjarredstandlakargrupp.se\/en\/#\/schema\/logo\/image\/"}}]}},"_links":{"self":[{"href":"https:\/\/bjarredstandlakargrupp.se\/en\/wp-json\/wp\/v2\/pages\/3804","targetHints":{"allow":["GET"]}}],"collection":[{"href":"https:\/\/bjarredstandlakargrupp.se\/en\/wp-json\/wp\/v2\/pages"}],"about":[{"href":"https:\/\/bjarredstandlakargrupp.se\/en\/wp-json\/wp\/v2\/types\/page"}],"author":[{"embeddable":true,"href":"https:\/\/bjarredstandlakargrupp.se\/en\/wp-json\/wp\/v2\/users\/2"}],"replies":[{"embeddable":true,"href":"https:\/\/bjarredstandlakargrupp.se\/en\/wp-json\/wp\/v2\/comments?post=3804"}],"version-history":[{"count":0,"href":"https:\/\/bjarredstandlakargrupp.se\/en\/wp-json\/wp\/v2\/pages\/3804\/revisions"}],"wp:attachment":[{"href":"https:\/\/bjarredstandlakargrupp.se\/en\/wp-json\/wp\/v2\/media?parent=3804"}],"curies":[{"name":"wp","href":"https:\/\/api.w.org\/{rel}","templated":true}]}}