{"id":3809,"date":"2021-04-26T20:47:28","date_gmt":"2021-04-26T18:47:28","guid":{"rendered":"https:\/\/limhamnstandlakargrupp.se\/about-us\/"},"modified":"2023-11-15T20:00:38","modified_gmt":"2023-11-15T19:00:38","slug":"about-us","status":"publish","type":"page","link":"https:\/\/bjarredstandlakargrupp.se\/en\/about-us\/","title":{"rendered":"About us"},"content":{"rendered":"\t\t<div data-elementor-type=\"wp-page\" data-elementor-id=\"3809\" class=\"elementor elementor-3809 elementor-482\" data-elementor-post-type=\"page\">\n\t\t\t\t\t\t<section class=\"elementor-section elementor-top-section elementor-element elementor-element-274f5e0 elementor-section-height-min-height elementor-section-items-bottom elementor-section-boxed elementor-section-height-default\" data-id=\"274f5e0\" data-element_type=\"section\" data-e-type=\"section\" id=\"top\" data-settings=\"{&quot;background_background&quot;:&quot;classic&quot;}\">\n\t\t\t\t\t\t\t<div class=\"elementor-background-overlay\"><\/div>\n\t\t\t\t\t\t\t<div class=\"elementor-container elementor-column-gap-default\">\n\t\t\t\t\t<div class=\"elementor-column elementor-col-100 elementor-top-column elementor-element elementor-element-bf8158a\" data-id=\"bf8158a\" data-element_type=\"column\" data-e-type=\"column\">\n\t\t\t<div class=\"elementor-widget-wrap elementor-element-populated\">\n\t\t\t\t\t\t<div class=\"elementor-element elementor-element-4295ab7 elementor-widget elementor-widget-heading\" data-id=\"4295ab7\" data-element_type=\"widget\" data-e-type=\"widget\" data-widget_type=\"heading.default\">\n\t\t\t\t<div class=\"elementor-widget-container\">\n\t\t\t\t\t<h1 class=\"elementor-heading-title elementor-size-default\">About us<\/h1>\t\t\t\t<\/div>\n\t\t\t\t<\/div>\n\t\t\t\t\t<\/div>\n\t\t<\/div>\n\t\t\t\t\t<\/div>\n\t\t<\/section>\n\t\t\t\t<section class=\"elementor-section elementor-top-section elementor-element elementor-element-71423c1 elementor-section-content-top elementor-section-boxed elementor-section-height-default elementor-section-height-default\" data-id=\"71423c1\" data-element_type=\"section\" data-e-type=\"section\" data-settings=\"{&quot;background_background&quot;:&quot;classic&quot;}\">\n\t\t\t\t\t\t<div class=\"elementor-container elementor-column-gap-default\">\n\t\t\t\t\t<div class=\"elementor-column elementor-col-100 elementor-top-column elementor-element elementor-element-e3bedff\" data-id=\"e3bedff\" data-element_type=\"column\" data-e-type=\"column\">\n\t\t\t<div class=\"elementor-widget-wrap elementor-element-populated\">\n\t\t\t\t\t\t<div class=\"elementor-element elementor-element-b05bd7a elementor-widget elementor-widget-text-editor\" data-id=\"b05bd7a\" data-element_type=\"widget\" data-e-type=\"widget\" data-widget_type=\"text-editor.default\">\n\t\t\t\t<div class=\"elementor-widget-container\">\n\t\t\t\t\t\t\t\t\t<p>We offer you a complete and modern dental care where all treatments take place at the same clinic. We look after each patient&#8217;s unique needs where we focus on high quality in our safe environment.  The feeling of your experience with us is characterized by our personal commitment, with the goal that you should feel confident and secure in having found the right place.<\/p>\n\t\t\t\t\t\t\t\t<\/div>\n\t\t\t\t<\/div>\n\t\t\t\t<div class=\"elementor-element elementor-element-6ef5786 elementor-widget elementor-widget-menu-anchor\" data-id=\"6ef5786\" data-element_type=\"widget\" data-e-type=\"widget\" data-widget_type=\"menu-anchor.default\">\n\t\t\t\t<div class=\"elementor-widget-container\">\n\t\t\t\t\t\t\t<div class=\"elementor-menu-anchor\" id=\"Expertise\"><\/div>\n\t\t\t\t\t\t<\/div>\n\t\t\t\t<\/div>\n\t\t\t\t\t<\/div>\n\t\t<\/div>\n\t\t\t\t\t<\/div>\n\t\t<\/section>\n\t\t\t\t<section class=\"elementor-section elementor-top-section elementor-element elementor-element-7122d9fd elementor-section-boxed elementor-section-height-default elementor-section-height-default\" data-id=\"7122d9fd\" data-element_type=\"section\" data-e-type=\"section\">\n\t\t\t\t\t\t<div class=\"elementor-container elementor-column-gap-no\">\n\t\t\t\t\t<div class=\"elementor-column elementor-col-50 elementor-top-column elementor-element elementor-element-827e39f\" data-id=\"827e39f\" data-element_type=\"column\" data-e-type=\"column\" data-settings=\"{&quot;background_background&quot;:&quot;classic&quot;}\">\n\t\t\t<div class=\"elementor-widget-wrap\">\n\t\t\t\t\t\t\t<\/div>\n\t\t<\/div>\n\t\t\t\t<div class=\"elementor-column elementor-col-50 elementor-top-column elementor-element elementor-element-4381b761\" data-id=\"4381b761\" data-element_type=\"column\" data-e-type=\"column\" data-settings=\"{&quot;background_background&quot;:&quot;classic&quot;}\">\n\t\t\t<div class=\"elementor-widget-wrap elementor-element-populated\">\n\t\t\t\t\t<div class=\"elementor-background-overlay\"><\/div>\n\t\t\t\t\t\t<div class=\"elementor-element elementor-element-56bfe18 elementor-widget elementor-widget-heading\" data-id=\"56bfe18\" data-element_type=\"widget\" data-e-type=\"widget\" data-widget_type=\"heading.default\">\n\t\t\t\t<div class=\"elementor-widget-container\">\n\t\t\t\t\t<h1 class=\"elementor-heading-title elementor-size-default\">Expertise<\/h1>\t\t\t\t<\/div>\n\t\t\t\t<\/div>\n\t\t\t\t<div class=\"elementor-element elementor-element-333fed2 elementor-widget elementor-widget-menu-anchor\" data-id=\"333fed2\" data-element_type=\"widget\" data-e-type=\"widget\" data-widget_type=\"menu-anchor.default\">\n\t\t\t\t<div class=\"elementor-widget-container\">\n\t\t\t\t\t\t\t<div class=\"elementor-menu-anchor\" id=\"DentalTechnician\"><\/div>\n\t\t\t\t\t\t<\/div>\n\t\t\t\t<\/div>\n\t\t\t\t<div class=\"elementor-element elementor-element-286b16b elementor-widget elementor-widget-text-editor\" data-id=\"286b16b\" data-element_type=\"widget\" data-e-type=\"widget\" data-widget_type=\"text-editor.default\">\n\t\t\t\t<div class=\"elementor-widget-container\">\n\t\t\t\t\t\t\t\t\t<p>Our broad competence means that we can offer you everything from general to specialized dental care at one and the same clinic. As a referral clinic, we receive and treat patients with advanced care needs, sometimes in combination with general anesthesia. Our highest priority is always that you as a patient should feel that you receive the best possible care and treatment. As a remittant, you can always feel confident in giving us your trust.    <\/p>\n<div> <\/div>\n\t\t\t\t\t\t\t\t<\/div>\n\t\t\t\t<\/div>\n\t\t\t\t\t<\/div>\n\t\t<\/div>\n\t\t\t\t\t<\/div>\n\t\t<\/section>\n\t\t\t\t<section class=\"elementor-section elementor-top-section elementor-element elementor-element-16cd7b2 elementor-section-height-min-height elementor-section-items-stretch elementor-section-content-top elementor-reverse-mobile elementor-section-boxed elementor-section-height-default\" data-id=\"16cd7b2\" data-element_type=\"section\" data-e-type=\"section\" data-settings=\"{&quot;background_background&quot;:&quot;classic&quot;}\">\n\t\t\t\t\t\t<div class=\"elementor-container elementor-column-gap-no\">\n\t\t\t\t\t<div class=\"elementor-column elementor-col-50 elementor-top-column elementor-element elementor-element-0635106\" data-id=\"0635106\" data-element_type=\"column\" data-e-type=\"column\" data-settings=\"{&quot;background_background&quot;:&quot;classic&quot;}\">\n\t\t\t<div class=\"elementor-widget-wrap elementor-element-populated\">\n\t\t\t\t\t<div class=\"elementor-background-overlay\"><\/div>\n\t\t\t\t\t\t<div class=\"elementor-element elementor-element-267cca9 elementor-widget elementor-widget-heading\" data-id=\"267cca9\" data-element_type=\"widget\" data-e-type=\"widget\" data-widget_type=\"heading.default\">\n\t\t\t\t<div class=\"elementor-widget-container\">\n\t\t\t\t\t<h1 class=\"elementor-heading-title elementor-size-default\">Dental Technician<\/h1>\t\t\t\t<\/div>\n\t\t\t\t<\/div>\n\t\t\t\t<div class=\"elementor-element elementor-element-2fda701 elementor-widget elementor-widget-text-editor\" data-id=\"2fda701\" data-element_type=\"widget\" data-e-type=\"widget\" data-widget_type=\"text-editor.default\">\n\t\t\t\t<div class=\"elementor-widget-container\">\n\t\t\t\t\t\t\t\t\t<p>Our small personal lab was created at the end of 2017 by Lars and Per-\u00e5ke. We specialize in fixed restorations such as crowns, bridges, implants and veneers. With new technology, we always strive to be at the forefront when it comes to quality, aesthetic dentistry and new materials. We at Ultra Dental strive to make it easier and better for the dentist and the patient. For us, a close collaboration with the dentist is a must in order to create the ultimate solution for the patient.    &nbsp;&nbsp;<\/p>\n\t\t\t\t\t\t\t\t<\/div>\n\t\t\t\t<\/div>\n\t\t\t\t\t<\/div>\n\t\t<\/div>\n\t\t\t\t<div class=\"elementor-column elementor-col-50 elementor-top-column elementor-element elementor-element-5ec0b26\" data-id=\"5ec0b26\" data-element_type=\"column\" data-e-type=\"column\" data-settings=\"{&quot;background_background&quot;:&quot;classic&quot;}\">\n\t\t\t<div class=\"elementor-widget-wrap elementor-element-populated\">\n\t\t\t\t\t\t\t<\/div>\n\t\t<\/div>\n\t\t\t\t\t<\/div>\n\t\t<\/section>\n\t\t\t\t<section class=\"elementor-section elementor-top-section elementor-element elementor-element-cf4a1aa elementor-section-boxed elementor-section-height-default elementor-section-height-default\" data-id=\"cf4a1aa\" data-element_type=\"section\" data-e-type=\"section\" data-settings=\"{&quot;background_background&quot;:&quot;classic&quot;}\">\n\t\t\t\t\t\t<div class=\"elementor-container elementor-column-gap-default\">\n\t\t\t\t\t<div class=\"elementor-column elementor-col-50 elementor-top-column elementor-element elementor-element-1d0ed64\" data-id=\"1d0ed64\" data-element_type=\"column\" data-e-type=\"column\">\n\t\t\t<div class=\"elementor-widget-wrap elementor-element-populated\">\n\t\t\t\t\t\t<div class=\"elementor-element elementor-element-c9e8166 elementor-widget elementor-widget-menu-anchor\" data-id=\"c9e8166\" data-element_type=\"widget\" data-e-type=\"widget\" data-widget_type=\"menu-anchor.default\">\n\t\t\t\t<div class=\"elementor-widget-container\">\n\t\t\t\t\t\t\t<div class=\"elementor-menu-anchor\" id=\"Staff\"><\/div>\n\t\t\t\t\t\t<\/div>\n\t\t\t\t<\/div>\n\t\t\t\t<div class=\"elementor-element elementor-element-74c43cc elementor-widget elementor-widget-heading\" data-id=\"74c43cc\" data-element_type=\"widget\" data-e-type=\"widget\" data-widget_type=\"heading.default\">\n\t\t\t\t<div class=\"elementor-widget-container\">\n\t\t\t\t\t<h1 class=\"elementor-heading-title elementor-size-default\"><a href=\"https:\/\/bjarredstandlakargrupp.se\/en\/bjarreds-tandlakargrupp-team\/\">Our Team<\/a><\/h1>\t\t\t\t<\/div>\n\t\t\t\t<\/div>\n\t\t\t\t\t<\/div>\n\t\t<\/div>\n\t\t\t\t<div class=\"elementor-column elementor-col-50 elementor-top-column elementor-element elementor-element-44ccfbf\" data-id=\"44ccfbf\" data-element_type=\"column\" data-e-type=\"column\">\n\t\t\t<div class=\"elementor-widget-wrap elementor-element-populated\">\n\t\t\t\t\t\t<div class=\"elementor-element elementor-element-2498566 elementor-widget elementor-widget-text-editor\" data-id=\"2498566\" data-element_type=\"widget\" data-e-type=\"widget\" data-widget_type=\"text-editor.default\">\n\t\t\t\t<div class=\"elementor-widget-container\">\n\t\t\t\t\t\t\t\t\t<p>We are currently four dentists and a dental hygienist and associated staff at Bj\u00e4rreds Tandl\u00e4kargrupp.<\/p>\n\t\t\t\t\t\t\t\t<\/div>\n\t\t\t\t<\/div>\n\t\t\t\t<div class=\"elementor-element elementor-element-2224f1c elementor-align-left elementor-widget__width-auto elementor-widget elementor-widget-button\" data-id=\"2224f1c\" data-element_type=\"widget\" data-e-type=\"widget\" data-widget_type=\"button.default\">\n\t\t\t\t<div class=\"elementor-widget-container\">\n\t\t\t\t\t\t\t\t\t<div class=\"elementor-button-wrapper\">\n\t\t\t\t\t<a class=\"elementor-button elementor-button-link elementor-size-md\" href=\"https:\/\/bjarredstandlakargrupp.se\/en\/bjarreds-tandlakargrupp-team\/\">\n\t\t\t\t\t\t<span class=\"elementor-button-content-wrapper\">\n\t\t\t\t\t\t<span class=\"elementor-button-icon\">\n\t\t\t\t<svg aria-hidden=\"true\" class=\"e-font-icon-svg e-fas-arrow-right\" viewBox=\"0 0 448 512\" xmlns=\"http:\/\/www.w3.org\/2000\/svg\"><path d=\"M190.5 66.9l22.2-22.2c9.4-9.4 24.6-9.4 33.9 0L441 239c9.4 9.4 9.4 24.6 0 33.9L246.6 467.3c-9.4 9.4-24.6 9.4-33.9 0l-22.2-22.2c-9.5-9.5-9.3-25 .4-34.3L311.4 296H24c-13.3 0-24-10.7-24-24v-32c0-13.3 10.7-24 24-24h287.4L190.9 101.2c-9.8-9.3-10-24.8-.4-34.3z\"><\/path><\/svg>\t\t\t<\/span>\n\t\t\t\t\t\t\t\t\t<span class=\"elementor-button-text\">Our Team<\/span>\n\t\t\t\t\t<\/span>\n\t\t\t\t\t<\/a>\n\t\t\t\t<\/div>\n\t\t\t\t\t\t\t\t<\/div>\n\t\t\t\t<\/div>\n\t\t\t\t\t<\/div>\n\t\t<\/div>\n\t\t\t\t\t<\/div>\n\t\t<\/section>\n\t\t\t\t<section class=\"elementor-section elementor-top-section elementor-element elementor-element-19b9eed elementor-section-boxed elementor-section-height-default elementor-section-height-default\" data-id=\"19b9eed\" data-element_type=\"section\" data-e-type=\"section\" data-settings=\"{&quot;background_background&quot;:&quot;classic&quot;}\">\n\t\t\t\t\t\t<div class=\"elementor-container elementor-column-gap-default\">\n\t\t\t\t\t<div class=\"elementor-column elementor-col-50 elementor-top-column elementor-element elementor-element-580d790\" data-id=\"580d790\" data-element_type=\"column\" data-e-type=\"column\">\n\t\t\t<div class=\"elementor-widget-wrap elementor-element-populated\">\n\t\t\t\t\t\t<div class=\"elementor-element elementor-element-a4a9a03 elementor-widget elementor-widget-menu-anchor\" data-id=\"a4a9a03\" data-element_type=\"widget\" data-e-type=\"widget\" data-widget_type=\"menu-anchor.default\">\n\t\t\t\t<div class=\"elementor-widget-container\">\n\t\t\t\t\t\t\t<div class=\"elementor-menu-anchor\" id=\"Us\"><\/div>\n\t\t\t\t\t\t<\/div>\n\t\t\t\t<\/div>\n\t\t\t\t<div class=\"elementor-element elementor-element-cdccf98 elementor-widget elementor-widget-heading\" data-id=\"cdccf98\" data-element_type=\"widget\" data-e-type=\"widget\" data-widget_type=\"heading.default\">\n\t\t\t\t<div class=\"elementor-widget-container\">\n\t\t\t\t\t<h1 class=\"elementor-heading-title elementor-size-default\"><a href=\"#elementor-action%3Aaction%3Dpopup%3Aopen%26settings%3DeyJpZCI6Mzk0MiwidG9nZ2xlIjpmYWxzZX0%3D\">Become One Of Us<\/a><\/h1>\t\t\t\t<\/div>\n\t\t\t\t<\/div>\n\t\t\t\t\t<\/div>\n\t\t<\/div>\n\t\t\t\t<div class=\"elementor-column elementor-col-50 elementor-top-column elementor-element elementor-element-84a239e\" data-id=\"84a239e\" data-element_type=\"column\" data-e-type=\"column\">\n\t\t\t<div class=\"elementor-widget-wrap elementor-element-populated\">\n\t\t\t\t\t\t<div class=\"elementor-element elementor-element-feb2eb3 elementor-widget elementor-widget-text-editor\" data-id=\"feb2eb3\" data-element_type=\"widget\" data-e-type=\"widget\" data-widget_type=\"text-editor.default\">\n\t\t\t\t<div class=\"elementor-widget-container\">\n\t\t\t\t\t\t\t\t\t<p>Are you interested in working in a modern and developing workplace? We are constantly looking for committed and talented employees to join our team.<\/p>\n\t\t\t\t\t\t\t\t<\/div>\n\t\t\t\t<\/div>\n\t\t\t\t<div class=\"elementor-element elementor-element-8b335a3 elementor-align-left elementor-widget elementor-widget-button\" data-id=\"8b335a3\" data-element_type=\"widget\" data-e-type=\"widget\" data-widget_type=\"button.default\">\n\t\t\t\t<div class=\"elementor-widget-container\">\n\t\t\t\t\t\t\t\t\t<div class=\"elementor-button-wrapper\">\n\t\t\t\t\t<a class=\"elementor-button elementor-button-link elementor-size-xs\" href=\"#elementor-action%3Aaction%3Dpopup%3Aopen%26settings%3DeyJpZCI6Mzk0MiwidG9nZ2xlIjpmYWxzZX0%3D\">\n\t\t\t\t\t\t<span class=\"elementor-button-content-wrapper\">\n\t\t\t\t\t\t<span class=\"elementor-button-icon\">\n\t\t\t\t<svg aria-hidden=\"true\" class=\"e-font-icon-svg e-fas-arrow-right\" viewBox=\"0 0 448 512\" xmlns=\"http:\/\/www.w3.org\/2000\/svg\"><path d=\"M190.5 66.9l22.2-22.2c9.4-9.4 24.6-9.4 33.9 0L441 239c9.4 9.4 9.4 24.6 0 33.9L246.6 467.3c-9.4 9.4-24.6 9.4-33.9 0l-22.2-22.2c-9.5-9.5-9.3-25 .4-34.3L311.4 296H24c-13.3 0-24-10.7-24-24v-32c0-13.3 10.7-24 24-24h287.4L190.9 101.2c-9.8-9.3-10-24.8-.4-34.3z\"><\/path><\/svg>\t\t\t<\/span>\n\t\t\t\t\t\t\t\t\t<span class=\"elementor-button-text\">Apply<\/span>\n\t\t\t\t\t<\/span>\n\t\t\t\t\t<\/a>\n\t\t\t\t<\/div>\n\t\t\t\t\t\t\t\t<\/div>\n\t\t\t\t<\/div>\n\t\t\t\t\t<\/div>\n\t\t<\/div>\n\t\t\t\t\t<\/div>\n\t\t<\/section>\n\t\t\t\t<\/div>\n\t\t","protected":false},"excerpt":{"rendered":"<p>About us We offer you a complete and modern dental care where all treatments take place at the same clinic. We look after each patient&#8217;s unique needs where we focus on high quality in our safe environment. The feeling of your experience with us is characterized by our personal commitment, with the goal that you [&hellip;]<\/p>\n","protected":false},"author":2,"featured_media":3691,"parent":0,"menu_order":0,"comment_status":"closed","ping_status":"closed","template":"elementor_header_footer","meta":{"inline_featured_image":false,"footnotes":""},"class_list":["post-3809","page","type-page","status-publish","has-post-thumbnail","hentry"],"yoast_head":"<!-- This site is optimized with the Yoast SEO plugin v27.3 - https:\/\/yoast.com\/product\/yoast-seo-wordpress\/ -->\n<title>About us - Bj\u00e4rreds Tandl\u00e4kargrupp<\/title>\n<meta name=\"description\" content=\"We offer you a complete and modern dental care where all treatments take place at the same clinic. We look after each patient&#039;s unique needs where we focus on high quality in our safe environment.\" \/>\n<meta name=\"robots\" content=\"index, follow, max-snippet:-1, max-image-preview:large, max-video-preview:-1\" \/>\n<link rel=\"canonical\" href=\"https:\/\/bjarredstandlakargrupp.se\/en\/about-us\/\" \/>\n<meta property=\"og:locale\" content=\"en_US\" \/>\n<meta property=\"og:type\" content=\"article\" \/>\n<meta property=\"og:title\" content=\"About us - Bj\u00e4rreds Tandl\u00e4kargrupp\" \/>\n<meta property=\"og:description\" content=\"We offer you a complete and modern dental care where all treatments take place at the same clinic. We look after each patient&#039;s unique needs where we focus on high quality in our safe environment.\" \/>\n<meta property=\"og:url\" content=\"https:\/\/bjarredstandlakargrupp.se\/en\/about-us\/\" \/>\n<meta property=\"og:site_name\" content=\"Bj\u00e4rreds Tandl\u00e4kargrupp\" \/>\n<meta property=\"article:modified_time\" content=\"2023-11-15T19:00:38+00:00\" \/>\n<meta property=\"og:image\" content=\"https:\/\/bjarredstandlakargrupp.se\/wp-content\/uploads\/2021\/08\/Team.jpg\" \/>\n\t<meta property=\"og:image:width\" content=\"1600\" \/>\n\t<meta property=\"og:image:height\" content=\"830\" \/>\n\t<meta property=\"og:image:type\" content=\"image\/jpeg\" \/>\n<meta name=\"twitter:card\" content=\"summary_large_image\" \/>\n<meta name=\"twitter:label1\" content=\"Est. reading time\" \/>\n\t<meta name=\"twitter:data1\" content=\"2 minutes\" \/>\n<script type=\"application\/ld+json\" class=\"yoast-schema-graph\">{\"@context\":\"https:\\\/\\\/schema.org\",\"@graph\":[{\"@type\":\"WebPage\",\"@id\":\"https:\\\/\\\/bjarredstandlakargrupp.se\\\/en\\\/about-us\\\/\",\"url\":\"https:\\\/\\\/bjarredstandlakargrupp.se\\\/en\\\/about-us\\\/\",\"name\":\"About us - Bj\u00e4rreds Tandl\u00e4kargrupp\",\"isPartOf\":{\"@id\":\"https:\\\/\\\/bjarredstandlakargrupp.se\\\/en\\\/#website\"},\"primaryImageOfPage\":{\"@id\":\"https:\\\/\\\/bjarredstandlakargrupp.se\\\/en\\\/about-us\\\/#primaryimage\"},\"image\":{\"@id\":\"https:\\\/\\\/bjarredstandlakargrupp.se\\\/en\\\/about-us\\\/#primaryimage\"},\"thumbnailUrl\":\"https:\\\/\\\/bjarredstandlakargrupp.se\\\/wp-content\\\/uploads\\\/2021\\\/08\\\/Team.jpg\",\"datePublished\":\"2021-04-26T18:47:28+00:00\",\"dateModified\":\"2023-11-15T19:00:38+00:00\",\"description\":\"We offer you a complete and modern dental care where all treatments take place at the same clinic. We look after each patient's unique needs where we focus on high quality in our safe environment.\",\"breadcrumb\":{\"@id\":\"https:\\\/\\\/bjarredstandlakargrupp.se\\\/en\\\/about-us\\\/#breadcrumb\"},\"inLanguage\":\"en-US\",\"potentialAction\":[{\"@type\":\"ReadAction\",\"target\":[\"https:\\\/\\\/bjarredstandlakargrupp.se\\\/en\\\/about-us\\\/\"]}]},{\"@type\":\"ImageObject\",\"inLanguage\":\"en-US\",\"@id\":\"https:\\\/\\\/bjarredstandlakargrupp.se\\\/en\\\/about-us\\\/#primaryimage\",\"url\":\"https:\\\/\\\/bjarredstandlakargrupp.se\\\/wp-content\\\/uploads\\\/2021\\\/08\\\/Team.jpg\",\"contentUrl\":\"https:\\\/\\\/bjarredstandlakargrupp.se\\\/wp-content\\\/uploads\\\/2021\\\/08\\\/Team.jpg\",\"width\":1600,\"height\":830},{\"@type\":\"BreadcrumbList\",\"@id\":\"https:\\\/\\\/bjarredstandlakargrupp.se\\\/en\\\/about-us\\\/#breadcrumb\",\"itemListElement\":[{\"@type\":\"ListItem\",\"position\":1,\"name\":\"Home\",\"item\":\"https:\\\/\\\/bjarredstandlakargrupp.se\\\/en\\\/\"},{\"@type\":\"ListItem\",\"position\":2,\"name\":\"About us\"}]},{\"@type\":\"WebSite\",\"@id\":\"https:\\\/\\\/bjarredstandlakargrupp.se\\\/en\\\/#website\",\"url\":\"https:\\\/\\\/bjarredstandlakargrupp.se\\\/en\\\/\",\"name\":\"Bj\u00e4rreds Tandl\u00e4kargrupp\",\"description\":\"Komplett och Modern Tandv\u00e5rd\",\"publisher\":{\"@id\":\"https:\\\/\\\/bjarredstandlakargrupp.se\\\/en\\\/#organization\"},\"potentialAction\":[{\"@type\":\"SearchAction\",\"target\":{\"@type\":\"EntryPoint\",\"urlTemplate\":\"https:\\\/\\\/bjarredstandlakargrupp.se\\\/en\\\/?s={search_term_string}\"},\"query-input\":{\"@type\":\"PropertyValueSpecification\",\"valueRequired\":true,\"valueName\":\"search_term_string\"}}],\"inLanguage\":\"en-US\"},{\"@type\":\"Organization\",\"@id\":\"https:\\\/\\\/bjarredstandlakargrupp.se\\\/en\\\/#organization\",\"name\":\"Bj\u00e4rreds Tandl\u00e4kargrupp\",\"url\":\"https:\\\/\\\/bjarredstandlakargrupp.se\\\/en\\\/\",\"logo\":{\"@type\":\"ImageObject\",\"inLanguage\":\"en-US\",\"@id\":\"https:\\\/\\\/bjarredstandlakargrupp.se\\\/en\\\/#\\\/schema\\\/logo\\\/image\\\/\",\"url\":\"https:\\\/\\\/bjarredstandlakargrupp.se\\\/wp-content\\\/uploads\\\/2023\\\/05\\\/BTG-logo-white.png\",\"contentUrl\":\"https:\\\/\\\/bjarredstandlakargrupp.se\\\/wp-content\\\/uploads\\\/2023\\\/05\\\/BTG-logo-white.png\",\"width\":894,\"height\":200,\"caption\":\"Bj\u00e4rreds Tandl\u00e4kargrupp\"},\"image\":{\"@id\":\"https:\\\/\\\/bjarredstandlakargrupp.se\\\/en\\\/#\\\/schema\\\/logo\\\/image\\\/\"}}]}<\/script>\n<!-- \/ Yoast SEO plugin. -->","yoast_head_json":{"title":"About us - Bj\u00e4rreds Tandl\u00e4kargrupp","description":"We offer you a complete and modern dental care where all treatments take place at the same clinic. We look after each patient's unique needs where we focus on high quality in our safe environment.","robots":{"index":"index","follow":"follow","max-snippet":"max-snippet:-1","max-image-preview":"max-image-preview:large","max-video-preview":"max-video-preview:-1"},"canonical":"https:\/\/bjarredstandlakargrupp.se\/en\/about-us\/","og_locale":"en_US","og_type":"article","og_title":"About us - Bj\u00e4rreds Tandl\u00e4kargrupp","og_description":"We offer you a complete and modern dental care where all treatments take place at the same clinic. We look after each patient's unique needs where we focus on high quality in our safe environment.","og_url":"https:\/\/bjarredstandlakargrupp.se\/en\/about-us\/","og_site_name":"Bj\u00e4rreds Tandl\u00e4kargrupp","article_modified_time":"2023-11-15T19:00:38+00:00","og_image":[{"width":1600,"height":830,"url":"https:\/\/bjarredstandlakargrupp.se\/wp-content\/uploads\/2021\/08\/Team.jpg","type":"image\/jpeg"}],"twitter_card":"summary_large_image","twitter_misc":{"Est. reading time":"2 minutes"},"schema":{"@context":"https:\/\/schema.org","@graph":[{"@type":"WebPage","@id":"https:\/\/bjarredstandlakargrupp.se\/en\/about-us\/","url":"https:\/\/bjarredstandlakargrupp.se\/en\/about-us\/","name":"About us - Bj\u00e4rreds Tandl\u00e4kargrupp","isPartOf":{"@id":"https:\/\/bjarredstandlakargrupp.se\/en\/#website"},"primaryImageOfPage":{"@id":"https:\/\/bjarredstandlakargrupp.se\/en\/about-us\/#primaryimage"},"image":{"@id":"https:\/\/bjarredstandlakargrupp.se\/en\/about-us\/#primaryimage"},"thumbnailUrl":"https:\/\/bjarredstandlakargrupp.se\/wp-content\/uploads\/2021\/08\/Team.jpg","datePublished":"2021-04-26T18:47:28+00:00","dateModified":"2023-11-15T19:00:38+00:00","description":"We offer you a complete and modern dental care where all treatments take place at the same clinic. We look after each patient's unique needs where we focus on high quality in our safe environment.","breadcrumb":{"@id":"https:\/\/bjarredstandlakargrupp.se\/en\/about-us\/#breadcrumb"},"inLanguage":"en-US","potentialAction":[{"@type":"ReadAction","target":["https:\/\/bjarredstandlakargrupp.se\/en\/about-us\/"]}]},{"@type":"ImageObject","inLanguage":"en-US","@id":"https:\/\/bjarredstandlakargrupp.se\/en\/about-us\/#primaryimage","url":"https:\/\/bjarredstandlakargrupp.se\/wp-content\/uploads\/2021\/08\/Team.jpg","contentUrl":"https:\/\/bjarredstandlakargrupp.se\/wp-content\/uploads\/2021\/08\/Team.jpg","width":1600,"height":830},{"@type":"BreadcrumbList","@id":"https:\/\/bjarredstandlakargrupp.se\/en\/about-us\/#breadcrumb","itemListElement":[{"@type":"ListItem","position":1,"name":"Home","item":"https:\/\/bjarredstandlakargrupp.se\/en\/"},{"@type":"ListItem","position":2,"name":"About us"}]},{"@type":"WebSite","@id":"https:\/\/bjarredstandlakargrupp.se\/en\/#website","url":"https:\/\/bjarredstandlakargrupp.se\/en\/","name":"Bj\u00e4rreds Tandl\u00e4kargrupp","description":"Komplett och Modern Tandv\u00e5rd","publisher":{"@id":"https:\/\/bjarredstandlakargrupp.se\/en\/#organization"},"potentialAction":[{"@type":"SearchAction","target":{"@type":"EntryPoint","urlTemplate":"https:\/\/bjarredstandlakargrupp.se\/en\/?s={search_term_string}"},"query-input":{"@type":"PropertyValueSpecification","valueRequired":true,"valueName":"search_term_string"}}],"inLanguage":"en-US"},{"@type":"Organization","@id":"https:\/\/bjarredstandlakargrupp.se\/en\/#organization","name":"Bj\u00e4rreds Tandl\u00e4kargrupp","url":"https:\/\/bjarredstandlakargrupp.se\/en\/","logo":{"@type":"ImageObject","inLanguage":"en-US","@id":"https:\/\/bjarredstandlakargrupp.se\/en\/#\/schema\/logo\/image\/","url":"https:\/\/bjarredstandlakargrupp.se\/wp-content\/uploads\/2023\/05\/BTG-logo-white.png","contentUrl":"https:\/\/bjarredstandlakargrupp.se\/wp-content\/uploads\/2023\/05\/BTG-logo-white.png","width":894,"height":200,"caption":"Bj\u00e4rreds Tandl\u00e4kargrupp"},"image":{"@id":"https:\/\/bjarredstandlakargrupp.se\/en\/#\/schema\/logo\/image\/"}}]}},"_links":{"self":[{"href":"https:\/\/bjarredstandlakargrupp.se\/en\/wp-json\/wp\/v2\/pages\/3809","targetHints":{"allow":["GET"]}}],"collection":[{"href":"https:\/\/bjarredstandlakargrupp.se\/en\/wp-json\/wp\/v2\/pages"}],"about":[{"href":"https:\/\/bjarredstandlakargrupp.se\/en\/wp-json\/wp\/v2\/types\/page"}],"author":[{"embeddable":true,"href":"https:\/\/bjarredstandlakargrupp.se\/en\/wp-json\/wp\/v2\/users\/2"}],"replies":[{"embeddable":true,"href":"https:\/\/bjarredstandlakargrupp.se\/en\/wp-json\/wp\/v2\/comments?post=3809"}],"version-history":[{"count":0,"href":"https:\/\/bjarredstandlakargrupp.se\/en\/wp-json\/wp\/v2\/pages\/3809\/revisions"}],"wp:featuredmedia":[{"embeddable":true,"href":"https:\/\/bjarredstandlakargrupp.se\/en\/wp-json\/wp\/v2\/media\/3691"}],"wp:attachment":[{"href":"https:\/\/bjarredstandlakargrupp.se\/en\/wp-json\/wp\/v2\/media?parent=3809"}],"curies":[{"name":"wp","href":"https:\/\/api.w.org\/{rel}","templated":true}]}}