{"id":3910,"date":"2022-03-17T01:17:19","date_gmt":"2022-03-17T00:17:19","guid":{"rendered":"https:\/\/limhamnstandlakargrupp.se\/register\/"},"modified":"2023-11-15T03:13:46","modified_gmt":"2023-11-15T02:13:46","slug":"register","status":"publish","type":"page","link":"https:\/\/bjarredstandlakargrupp.se\/en\/register\/","title":{"rendered":"Register"},"content":{"rendered":"\t\t<div data-elementor-type=\"wp-page\" data-elementor-id=\"3910\" class=\"elementor elementor-3910 elementor-3600\" data-elementor-post-type=\"page\">\n\t\t\t\t\t\t<section class=\"elementor-section elementor-top-section elementor-element elementor-element-7534fabf elementor-section-height-min-height elementor-section-items-top elementor-section-boxed elementor-section-height-default\" data-id=\"7534fabf\" data-element_type=\"section\" data-e-type=\"section\" data-settings=\"{&quot;background_background&quot;:&quot;classic&quot;}\">\n\t\t\t\t\t\t<div class=\"elementor-container elementor-column-gap-default\">\n\t\t\t\t\t<div class=\"elementor-column elementor-col-100 elementor-top-column elementor-element elementor-element-22fd263b\" data-id=\"22fd263b\" data-element_type=\"column\" data-e-type=\"column\">\n\t\t\t<div class=\"elementor-widget-wrap elementor-element-populated\">\n\t\t\t\t\t\t<section class=\"elementor-section elementor-inner-section elementor-element elementor-element-29a0a5b elementor-section-boxed elementor-section-height-default elementor-section-height-default\" data-id=\"29a0a5b\" data-element_type=\"section\" data-e-type=\"section\">\n\t\t\t\t\t\t<div class=\"elementor-container elementor-column-gap-default\">\n\t\t\t\t\t<div class=\"elementor-column elementor-col-100 elementor-inner-column elementor-element elementor-element-21c91e9f\" data-id=\"21c91e9f\" data-element_type=\"column\" data-e-type=\"column\" data-settings=\"{&quot;background_background&quot;:&quot;classic&quot;}\">\n\t\t\t<div class=\"elementor-widget-wrap elementor-element-populated\">\n\t\t\t\t\t\t<div class=\"elementor-element elementor-element-7aac36c3 elementor-widget elementor-widget-text-editor\" data-id=\"7aac36c3\" data-element_type=\"widget\" data-e-type=\"widget\" data-widget_type=\"text-editor.default\">\n\t\t\t\t<div class=\"elementor-widget-container\">\n\t\t\t\t\t\t\t\t\t<p>Register<\/p>\n\t\t\t\t\t\t\t\t<\/div>\n\t\t\t\t<\/div>\n\t\t\t\t\t<\/div>\n\t\t<\/div>\n\t\t\t\t\t<\/div>\n\t\t<\/section>\n\t\t\t\t<section class=\"elementor-section elementor-inner-section elementor-element elementor-element-aa7074d elementor-section-boxed elementor-section-height-default elementor-section-height-default\" data-id=\"aa7074d\" data-element_type=\"section\" data-e-type=\"section\">\n\t\t\t\t\t\t<div class=\"elementor-container elementor-column-gap-default\">\n\t\t\t\t\t<div class=\"elementor-column elementor-col-100 elementor-inner-column elementor-element elementor-element-2cf33106\" data-id=\"2cf33106\" data-element_type=\"column\" data-e-type=\"column\">\n\t\t\t<div class=\"elementor-widget-wrap elementor-element-populated\">\n\t\t\t\t\t\t<div class=\"elementor-element elementor-element-b72a2be elementor-widget elementor-widget-text-editor\" data-id=\"b72a2be\" data-element_type=\"widget\" data-e-type=\"widget\" data-widget_type=\"text-editor.default\">\n\t\t\t\t<div class=\"elementor-widget-container\">\n\t\t\t\t\t\t\t\t\t<p>We offer you a complete and modern dental care where all treatments take place at the same clinic. Maybe you are a customer of Folktandv\u00e5rden today, but in need of specialized dental care? We are affiliated with the Swedish Social Insurance Agency (F\u00f6rs\u00e4kringskassan), which means that your high-cost protection also applies to us.<br \/>Our ambition is to get back to you within 48 hours for an initial visit.<\/p>\n\t\t\t\t\t\t\t\t<\/div>\n\t\t\t\t<\/div>\n\t\t\t\t\t<\/div>\n\t\t<\/div>\n\t\t\t\t\t<\/div>\n\t\t<\/section>\n\t\t\t\t<section class=\"elementor-section elementor-inner-section elementor-element elementor-element-7d7b3775 elementor-section-boxed elementor-section-height-default elementor-section-height-default\" data-id=\"7d7b3775\" data-element_type=\"section\" data-e-type=\"section\">\n\t\t\t\t\t\t<div class=\"elementor-container elementor-column-gap-default\">\n\t\t\t\t\t<div class=\"elementor-column elementor-col-100 elementor-inner-column elementor-element elementor-element-7340a787\" data-id=\"7340a787\" data-element_type=\"column\" data-e-type=\"column\">\n\t\t\t<div class=\"elementor-widget-wrap elementor-element-populated\">\n\t\t\t\t\t\t<div class=\"elementor-element elementor-element-4c9a5691 elementor-button-align-center elementor-widget elementor-widget-form\" data-id=\"4c9a5691\" data-element_type=\"widget\" data-e-type=\"widget\" data-settings=\"{&quot;step_next_label&quot;:&quot;Next&quot;,&quot;step_previous_label&quot;:&quot;Previous&quot;,&quot;button_width&quot;:&quot;100&quot;,&quot;step_type&quot;:&quot;number_text&quot;,&quot;step_icon_shape&quot;:&quot;circle&quot;}\" data-widget_type=\"form.default\">\n\t\t\t\t<div class=\"elementor-widget-container\">\n\t\t\t\t\t\t\t<form class=\"elementor-form\" method=\"post\" name=\"Register\" aria-label=\"Register\">\n\t\t\t<input type=\"hidden\" name=\"post_id\" value=\"3910\"\/>\n\t\t\t<input type=\"hidden\" name=\"form_id\" value=\"4c9a5691\"\/>\n\t\t\t<input type=\"hidden\" name=\"referer_title\" value=\"Register - Bj\u00e4rreds Tandl\u00e4kargrupp\" \/>\n\n\t\t\t\t\t\t\t<input type=\"hidden\" name=\"queried_id\" value=\"3910\"\/>\n\t\t\t\n\t\t\t<div class=\"elementor-form-fields-wrapper elementor-labels-\">\n\t\t\t\t\t\t\t\t<div class=\"elementor-field-type-text elementor-field-group elementor-column elementor-field-group-name elementor-col-50 elementor-field-required\">\n\t\t\t\t\t\t\t\t\t\t\t\t<label for=\"form-field-name\" class=\"elementor-field-label elementor-screen-only\">\n\t\t\t\t\t\t\t\tFirst Name\t\t\t\t\t\t\t<\/label>\n\t\t\t\t\t\t\t\t\t\t\t\t\t\t<input size=\"1\" type=\"text\" name=\"form_fields[name]\" id=\"form-field-name\" class=\"elementor-field elementor-size-md  elementor-field-textual\" placeholder=\"First Name\" required=\"required\">\n\t\t\t\t\t\t\t\t\t\t\t<\/div>\n\t\t\t\t\t\t\t\t<div class=\"elementor-field-type-text elementor-field-group elementor-column elementor-field-group-field_19de389 elementor-col-50 elementor-field-required\">\n\t\t\t\t\t\t\t\t\t\t\t\t<label for=\"form-field-field_19de389\" class=\"elementor-field-label elementor-screen-only\">\n\t\t\t\t\t\t\t\tLast Name\t\t\t\t\t\t\t<\/label>\n\t\t\t\t\t\t\t\t\t\t\t\t\t\t<input size=\"1\" type=\"text\" name=\"form_fields[field_19de389]\" id=\"form-field-field_19de389\" class=\"elementor-field elementor-size-md  elementor-field-textual\" placeholder=\"Last Name\" required=\"required\">\n\t\t\t\t\t\t\t\t\t\t\t<\/div>\n\t\t\t\t\t\t\t\t<div class=\"elementor-field-type-tel elementor-field-group elementor-column elementor-field-group-field_1bd09cf elementor-col-50 elementor-md-50 elementor-field-required\">\n\t\t\t\t\t\t\t\t\t\t\t\t<label for=\"form-field-field_1bd09cf\" class=\"elementor-field-label elementor-screen-only\">\n\t\t\t\t\t\t\t\tPhone\t\t\t\t\t\t\t<\/label>\n\t\t\t\t\t\t\t\t<input size=\"1\" type=\"tel\" name=\"form_fields[field_1bd09cf]\" id=\"form-field-field_1bd09cf\" class=\"elementor-field elementor-size-md  elementor-field-textual\" placeholder=\"Phone\" required=\"required\" pattern=\"[0-9()#&amp;+*-=.]+\" title=\"Only numbers and phone characters (#, -, *, etc) are accepted.\">\n\n\t\t\t\t\t\t<\/div>\n\t\t\t\t\t\t\t\t<div class=\"elementor-field-type-email elementor-field-group elementor-column elementor-field-group-email elementor-col-50 elementor-md-50\">\n\t\t\t\t\t\t\t\t\t\t\t\t<label for=\"form-field-email\" class=\"elementor-field-label elementor-screen-only\">\n\t\t\t\t\t\t\t\tEmail\t\t\t\t\t\t\t<\/label>\n\t\t\t\t\t\t\t\t\t\t\t\t\t\t<input size=\"1\" type=\"email\" name=\"form_fields[email]\" id=\"form-field-email\" class=\"elementor-field elementor-size-md  elementor-field-textual\" placeholder=\"Email\">\n\t\t\t\t\t\t\t\t\t\t\t<\/div>\n\t\t\t\t\t\t\t\t<div class=\"elementor-field-type-text elementor-field-group elementor-column elementor-field-group-field_1b1fb24 elementor-col-100 elementor-md-50\">\n\t\t\t\t\t\t\t\t\t\t\t\t<label for=\"form-field-field_1b1fb24\" class=\"elementor-field-label elementor-screen-only\">\n\t\t\t\t\t\t\t\tStreet address\t\t\t\t\t\t\t<\/label>\n\t\t\t\t\t\t\t\t\t\t\t\t\t\t<input size=\"1\" type=\"text\" name=\"form_fields[field_1b1fb24]\" id=\"form-field-field_1b1fb24\" class=\"elementor-field elementor-size-md  elementor-field-textual\" placeholder=\"Street address\">\n\t\t\t\t\t\t\t\t\t\t\t<\/div>\n\t\t\t\t\t\t\t\t<div class=\"elementor-field-type-text elementor-field-group elementor-column elementor-field-group-field_9a4aa28 elementor-col-50 elementor-md-50\">\n\t\t\t\t\t\t\t\t\t\t\t\t<label for=\"form-field-field_9a4aa28\" class=\"elementor-field-label elementor-screen-only\">\n\t\t\t\t\t\t\t\tPostcode \/ city\t\t\t\t\t\t\t<\/label>\n\t\t\t\t\t\t\t\t\t\t\t\t\t\t<input size=\"1\" type=\"text\" name=\"form_fields[field_9a4aa28]\" id=\"form-field-field_9a4aa28\" class=\"elementor-field elementor-size-md  elementor-field-textual\" placeholder=\"Postcode \/ city\">\n\t\t\t\t\t\t\t\t\t\t\t<\/div>\n\t\t\t\t\t\t\t\t<div class=\"elementor-field-type-text elementor-field-group elementor-column elementor-field-group-field_65d50bc elementor-col-50 elementor-md-50\">\n\t\t\t\t\t\t\t\t\t\t\t\t<label for=\"form-field-field_65d50bc\" class=\"elementor-field-label elementor-screen-only\">\n\t\t\t\t\t\t\t\tCountry\t\t\t\t\t\t\t<\/label>\n\t\t\t\t\t\t\t\t\t\t\t\t\t\t<input size=\"1\" type=\"text\" name=\"form_fields[field_65d50bc]\" id=\"form-field-field_65d50bc\" class=\"elementor-field elementor-size-md  elementor-field-textual\" placeholder=\"Country\">\n\t\t\t\t\t\t\t\t\t\t\t<\/div>\n\t\t\t\t\t\t\t\t<div class=\"elementor-field-type-textarea elementor-field-group elementor-column elementor-field-group-message elementor-col-100\">\n\t\t\t\t\t\t\t\t\t\t\t\t<label for=\"form-field-message\" class=\"elementor-field-label elementor-screen-only\">\n\t\t\t\t\t\t\t\tMessage\t\t\t\t\t\t\t<\/label>\n\t\t\t\t\t\t<textarea class=\"elementor-field-textual elementor-field  elementor-size-md\" name=\"form_fields[message]\" id=\"form-field-message\" rows=\"10\" placeholder=\"Message\"><\/textarea>\t\t\t\t<\/div>\n\t\t\t\t\t\t\t\t<div class=\"elementor-field-type-recaptcha_v3 elementor-field-group elementor-column elementor-field-group-field_cbc7949 elementor-col-100 recaptcha_v3-bottomright\">\n\t\t\t\t\t<div class=\"elementor-field\" id=\"form-field-field_cbc7949\"><div class=\"elementor-g-recaptcha\" data-sitekey=\"6LeOmGYiAAAAAOfe-FIVAKaqVSdO-QGanhmryYG8\" data-type=\"v3\" data-action=\"Form\" data-badge=\"bottomright\" data-size=\"invisible\"><\/div><\/div>\t\t\t\t<\/div>\n\t\t\t\t\t\t\t\t<div class=\"elementor-field-group elementor-column elementor-field-type-submit elementor-col-100 e-form__buttons\">\n\t\t\t\t\t<button class=\"elementor-button elementor-size-sm\" type=\"submit\">\n\t\t\t\t\t\t<span class=\"elementor-button-content-wrapper\">\n\t\t\t\t\t\t\t\t\t\t\t\t\t\t\t\t\t\t\t\t\t\t<span class=\"elementor-button-text\">Send<\/span>\n\t\t\t\t\t\t\t\t\t\t\t\t\t<\/span>\n\t\t\t\t\t<\/button>\n\t\t\t\t<\/div>\n\t\t\t<\/div>\n\t\t<\/form>\n\t\t\t\t\t\t<\/div>\n\t\t\t\t<\/div>\n\t\t\t\t<div class=\"elementor-element elementor-element-4a3a5cfb elementor-widget elementor-widget-heading\" data-id=\"4a3a5cfb\" data-element_type=\"widget\" data-e-type=\"widget\" data-widget_type=\"heading.default\">\n\t\t\t\t<div class=\"elementor-widget-container\">\n\t\t\t\t\t<h2 class=\"elementor-heading-title elementor-size-default\">How is my personal information handled? <\/h2>\t\t\t\t<\/div>\n\t\t\t\t<\/div>\n\t\t\t\t<div class=\"elementor-element elementor-element-13e8f273 elementor-widget elementor-widget-text-editor\" data-id=\"13e8f273\" data-element_type=\"widget\" data-e-type=\"widget\" data-widget_type=\"text-editor.default\">\n\t\t\t\t<div class=\"elementor-widget-container\">\n\t\t\t\t\t\t\t\t\t<p>The information sent through this form is SSL encrypted and sent via our server in a secure way. No unauthorized person will have access to your personal patient information. You can read more about how we handle your information here in our <a href=\"https:\/\/bjarredstandlakargrupp.se\/en\/privacy-policy\/\" target=\"_blank\" rel=\"noopener\">privacy policy.<\/a><\/p>\n\t\t\t\t\t\t\t\t<\/div>\n\t\t\t\t<\/div>\n\t\t\t\t<div class=\"elementor-element elementor-element-19c929e7 elementor-widget elementor-widget-global elementor-global-2747 elementor-widget-text-editor\" data-id=\"19c929e7\" data-element_type=\"widget\" data-e-type=\"widget\" data-widget_type=\"text-editor.default\">\n\t\t\t\t<div class=\"elementor-widget-container\">\n\t\t\t\t\t\t\t\t\tThis site is protected by reCAPTCHA and the Google <a class=\"white-link\" href=\"https:\/\/policies.google.com\/privacy\" target=\"_blank\" >Privacy Policy<\/a> and <a class=\"white-link\" href=\"https:\/\/policies.google.com\/terms\" target=\"_blank\" >Terms of Service<\/a> apply.\t\t\t\t\t\t\t\t<\/div>\n\t\t\t\t<\/div>\n\t\t\t\t\t<\/div>\n\t\t<\/div>\n\t\t\t\t\t<\/div>\n\t\t<\/section>\n\t\t\t\t\t<\/div>\n\t\t<\/div>\n\t\t\t\t\t<\/div>\n\t\t<\/section>\n\t\t\t\t<\/div>\n\t\t","protected":false},"excerpt":{"rendered":"<p>Register We offer you a complete and modern dental care where all treatments take place at the same clinic. Maybe you are a customer of Folktandv\u00e5rden today, but in need of specialized dental care? We are affiliated with the Swedish Social Insurance Agency (F\u00f6rs\u00e4kringskassan), which means that your high-cost protection also applies to us.Our ambition [&hellip;]<\/p>\n","protected":false},"author":2,"featured_media":0,"parent":0,"menu_order":0,"comment_status":"closed","ping_status":"closed","template":"","meta":{"inline_featured_image":false,"footnotes":""},"class_list":["post-3910","page","type-page","status-publish","hentry"],"yoast_head":"<!-- This site is optimized with the Yoast SEO plugin v27.4 - https:\/\/yoast.com\/product\/yoast-seo-wordpress\/ -->\n<title>Register - Bj\u00e4rreds Tandl\u00e4kargrupp<\/title>\n<meta name=\"description\" content=\"We offer you a complete and modern dental care where all treatments take place at the same clinic.\" \/>\n<meta name=\"robots\" content=\"index, nofollow, max-snippet:-1, max-image-preview:large, max-video-preview:-1\" \/>\n<link rel=\"canonical\" href=\"https:\/\/bjarredstandlakargrupp.se\/en\/register\/\" \/>\n<meta property=\"og:locale\" content=\"en_US\" \/>\n<meta property=\"og:type\" content=\"article\" \/>\n<meta property=\"og:title\" content=\"Register - Bj\u00e4rreds Tandl\u00e4kargrupp\" \/>\n<meta property=\"og:description\" content=\"We offer you a complete and modern dental care where all treatments take place at the same clinic.\" \/>\n<meta property=\"og:url\" content=\"https:\/\/bjarredstandlakargrupp.se\/en\/register\/\" \/>\n<meta property=\"og:site_name\" content=\"Bj\u00e4rreds Tandl\u00e4kargrupp\" \/>\n<meta property=\"article:modified_time\" content=\"2023-11-15T02:13:46+00:00\" \/>\n<meta name=\"twitter:card\" content=\"summary_large_image\" \/>\n<meta name=\"twitter:label1\" content=\"Est. reading time\" \/>\n\t<meta name=\"twitter:data1\" content=\"1 minute\" \/>\n<script type=\"application\/ld+json\" class=\"yoast-schema-graph\">{\"@context\":\"https:\\\/\\\/schema.org\",\"@graph\":[{\"@type\":\"WebPage\",\"@id\":\"https:\\\/\\\/bjarredstandlakargrupp.se\\\/en\\\/register\\\/\",\"url\":\"https:\\\/\\\/bjarredstandlakargrupp.se\\\/en\\\/register\\\/\",\"name\":\"Register - Bj\u00e4rreds Tandl\u00e4kargrupp\",\"isPartOf\":{\"@id\":\"https:\\\/\\\/bjarredstandlakargrupp.se\\\/en\\\/#website\"},\"datePublished\":\"2022-03-17T00:17:19+00:00\",\"dateModified\":\"2023-11-15T02:13:46+00:00\",\"description\":\"We offer you a complete and modern dental care where all treatments take place at the same clinic.\",\"breadcrumb\":{\"@id\":\"https:\\\/\\\/bjarredstandlakargrupp.se\\\/en\\\/register\\\/#breadcrumb\"},\"inLanguage\":\"en-US\",\"potentialAction\":[{\"@type\":\"ReadAction\",\"target\":[\"https:\\\/\\\/bjarredstandlakargrupp.se\\\/en\\\/register\\\/\"]}]},{\"@type\":\"BreadcrumbList\",\"@id\":\"https:\\\/\\\/bjarredstandlakargrupp.se\\\/en\\\/register\\\/#breadcrumb\",\"itemListElement\":[{\"@type\":\"ListItem\",\"position\":1,\"name\":\"Home\",\"item\":\"https:\\\/\\\/bjarredstandlakargrupp.se\\\/en\\\/\"},{\"@type\":\"ListItem\",\"position\":2,\"name\":\"Register\"}]},{\"@type\":\"WebSite\",\"@id\":\"https:\\\/\\\/bjarredstandlakargrupp.se\\\/en\\\/#website\",\"url\":\"https:\\\/\\\/bjarredstandlakargrupp.se\\\/en\\\/\",\"name\":\"Bj\u00e4rreds Tandl\u00e4kargrupp\",\"description\":\"Komplett och Modern Tandv\u00e5rd\",\"publisher\":{\"@id\":\"https:\\\/\\\/bjarredstandlakargrupp.se\\\/en\\\/#organization\"},\"potentialAction\":[{\"@type\":\"SearchAction\",\"target\":{\"@type\":\"EntryPoint\",\"urlTemplate\":\"https:\\\/\\\/bjarredstandlakargrupp.se\\\/en\\\/?s={search_term_string}\"},\"query-input\":{\"@type\":\"PropertyValueSpecification\",\"valueRequired\":true,\"valueName\":\"search_term_string\"}}],\"inLanguage\":\"en-US\"},{\"@type\":\"Organization\",\"@id\":\"https:\\\/\\\/bjarredstandlakargrupp.se\\\/en\\\/#organization\",\"name\":\"Bj\u00e4rreds Tandl\u00e4kargrupp\",\"url\":\"https:\\\/\\\/bjarredstandlakargrupp.se\\\/en\\\/\",\"logo\":{\"@type\":\"ImageObject\",\"inLanguage\":\"en-US\",\"@id\":\"https:\\\/\\\/bjarredstandlakargrupp.se\\\/en\\\/#\\\/schema\\\/logo\\\/image\\\/\",\"url\":\"https:\\\/\\\/bjarredstandlakargrupp.se\\\/wp-content\\\/uploads\\\/2023\\\/05\\\/BTG-logo-white.png\",\"contentUrl\":\"https:\\\/\\\/bjarredstandlakargrupp.se\\\/wp-content\\\/uploads\\\/2023\\\/05\\\/BTG-logo-white.png\",\"width\":894,\"height\":200,\"caption\":\"Bj\u00e4rreds Tandl\u00e4kargrupp\"},\"image\":{\"@id\":\"https:\\\/\\\/bjarredstandlakargrupp.se\\\/en\\\/#\\\/schema\\\/logo\\\/image\\\/\"}}]}<\/script>\n<!-- \/ Yoast SEO plugin. -->","yoast_head_json":{"title":"Register - Bj\u00e4rreds Tandl\u00e4kargrupp","description":"We offer you a complete and modern dental care where all treatments take place at the same clinic.","robots":{"index":"index","follow":"nofollow","max-snippet":"max-snippet:-1","max-image-preview":"max-image-preview:large","max-video-preview":"max-video-preview:-1"},"canonical":"https:\/\/bjarredstandlakargrupp.se\/en\/register\/","og_locale":"en_US","og_type":"article","og_title":"Register - Bj\u00e4rreds Tandl\u00e4kargrupp","og_description":"We offer you a complete and modern dental care where all treatments take place at the same clinic.","og_url":"https:\/\/bjarredstandlakargrupp.se\/en\/register\/","og_site_name":"Bj\u00e4rreds Tandl\u00e4kargrupp","article_modified_time":"2023-11-15T02:13:46+00:00","twitter_card":"summary_large_image","twitter_misc":{"Est. reading time":"1 minute"},"schema":{"@context":"https:\/\/schema.org","@graph":[{"@type":"WebPage","@id":"https:\/\/bjarredstandlakargrupp.se\/en\/register\/","url":"https:\/\/bjarredstandlakargrupp.se\/en\/register\/","name":"Register - Bj\u00e4rreds Tandl\u00e4kargrupp","isPartOf":{"@id":"https:\/\/bjarredstandlakargrupp.se\/en\/#website"},"datePublished":"2022-03-17T00:17:19+00:00","dateModified":"2023-11-15T02:13:46+00:00","description":"We offer you a complete and modern dental care where all treatments take place at the same clinic.","breadcrumb":{"@id":"https:\/\/bjarredstandlakargrupp.se\/en\/register\/#breadcrumb"},"inLanguage":"en-US","potentialAction":[{"@type":"ReadAction","target":["https:\/\/bjarredstandlakargrupp.se\/en\/register\/"]}]},{"@type":"BreadcrumbList","@id":"https:\/\/bjarredstandlakargrupp.se\/en\/register\/#breadcrumb","itemListElement":[{"@type":"ListItem","position":1,"name":"Home","item":"https:\/\/bjarredstandlakargrupp.se\/en\/"},{"@type":"ListItem","position":2,"name":"Register"}]},{"@type":"WebSite","@id":"https:\/\/bjarredstandlakargrupp.se\/en\/#website","url":"https:\/\/bjarredstandlakargrupp.se\/en\/","name":"Bj\u00e4rreds Tandl\u00e4kargrupp","description":"Komplett och Modern Tandv\u00e5rd","publisher":{"@id":"https:\/\/bjarredstandlakargrupp.se\/en\/#organization"},"potentialAction":[{"@type":"SearchAction","target":{"@type":"EntryPoint","urlTemplate":"https:\/\/bjarredstandlakargrupp.se\/en\/?s={search_term_string}"},"query-input":{"@type":"PropertyValueSpecification","valueRequired":true,"valueName":"search_term_string"}}],"inLanguage":"en-US"},{"@type":"Organization","@id":"https:\/\/bjarredstandlakargrupp.se\/en\/#organization","name":"Bj\u00e4rreds Tandl\u00e4kargrupp","url":"https:\/\/bjarredstandlakargrupp.se\/en\/","logo":{"@type":"ImageObject","inLanguage":"en-US","@id":"https:\/\/bjarredstandlakargrupp.se\/en\/#\/schema\/logo\/image\/","url":"https:\/\/bjarredstandlakargrupp.se\/wp-content\/uploads\/2023\/05\/BTG-logo-white.png","contentUrl":"https:\/\/bjarredstandlakargrupp.se\/wp-content\/uploads\/2023\/05\/BTG-logo-white.png","width":894,"height":200,"caption":"Bj\u00e4rreds Tandl\u00e4kargrupp"},"image":{"@id":"https:\/\/bjarredstandlakargrupp.se\/en\/#\/schema\/logo\/image\/"}}]}},"_links":{"self":[{"href":"https:\/\/bjarredstandlakargrupp.se\/en\/wp-json\/wp\/v2\/pages\/3910","targetHints":{"allow":["GET"]}}],"collection":[{"href":"https:\/\/bjarredstandlakargrupp.se\/en\/wp-json\/wp\/v2\/pages"}],"about":[{"href":"https:\/\/bjarredstandlakargrupp.se\/en\/wp-json\/wp\/v2\/types\/page"}],"author":[{"embeddable":true,"href":"https:\/\/bjarredstandlakargrupp.se\/en\/wp-json\/wp\/v2\/users\/2"}],"replies":[{"embeddable":true,"href":"https:\/\/bjarredstandlakargrupp.se\/en\/wp-json\/wp\/v2\/comments?post=3910"}],"version-history":[{"count":0,"href":"https:\/\/bjarredstandlakargrupp.se\/en\/wp-json\/wp\/v2\/pages\/3910\/revisions"}],"wp:attachment":[{"href":"https:\/\/bjarredstandlakargrupp.se\/en\/wp-json\/wp\/v2\/media?parent=3910"}],"curies":[{"name":"wp","href":"https:\/\/api.w.org\/{rel}","templated":true}]}}