{"id":4094,"date":"2022-04-04T21:36:14","date_gmt":"2022-04-04T19:36:14","guid":{"rendered":"https:\/\/limhamnstandlakargrupp.se\/remitters\/"},"modified":"2023-11-15T03:14:00","modified_gmt":"2023-11-15T02:14:00","slug":"referrals","status":"publish","type":"page","link":"https:\/\/bjarredstandlakargrupp.se\/en\/referrals\/","title":{"rendered":"Referrals"},"content":{"rendered":"\t\t<div data-elementor-type=\"wp-page\" data-elementor-id=\"4094\" class=\"elementor elementor-4094 elementor-4090\" data-elementor-post-type=\"page\">\n\t\t\t\t\t\t<section class=\"elementor-section elementor-top-section elementor-element elementor-element-9a4a104 elementor-section-boxed elementor-section-height-default elementor-section-height-default\" data-id=\"9a4a104\" data-element_type=\"section\" data-e-type=\"section\" data-settings=\"{&quot;background_background&quot;:&quot;classic&quot;}\">\n\t\t\t\t\t\t<div class=\"elementor-container elementor-column-gap-default\">\n\t\t\t\t\t<div class=\"elementor-column elementor-col-100 elementor-top-column elementor-element elementor-element-185972c\" data-id=\"185972c\" data-element_type=\"column\" data-e-type=\"column\">\n\t\t\t<div class=\"elementor-widget-wrap elementor-element-populated\">\n\t\t\t\t\t\t<section class=\"elementor-section elementor-inner-section elementor-element elementor-element-4ccf81a elementor-section-boxed elementor-section-height-default elementor-section-height-default\" data-id=\"4ccf81a\" data-element_type=\"section\" data-e-type=\"section\">\n\t\t\t\t\t\t<div class=\"elementor-container elementor-column-gap-default\">\n\t\t\t\t\t<div class=\"elementor-column elementor-col-100 elementor-inner-column elementor-element elementor-element-66b56f8\" data-id=\"66b56f8\" data-element_type=\"column\" data-e-type=\"column\" data-settings=\"{&quot;background_background&quot;:&quot;classic&quot;}\">\n\t\t\t<div class=\"elementor-widget-wrap elementor-element-populated\">\n\t\t\t\t\t\t<div class=\"elementor-element elementor-element-1ace986 elementor-widget elementor-widget-text-editor\" data-id=\"1ace986\" data-element_type=\"widget\" data-e-type=\"widget\" data-widget_type=\"text-editor.default\">\n\t\t\t\t<div class=\"elementor-widget-container\">\n\t\t\t\t\t\t\t\t\t<p>Submit Referral Form<\/p>\n\t\t\t\t\t\t\t\t<\/div>\n\t\t\t\t<\/div>\n\t\t\t\t\t<\/div>\n\t\t<\/div>\n\t\t\t\t\t<\/div>\n\t\t<\/section>\n\t\t\t\t<section class=\"elementor-section elementor-inner-section elementor-element elementor-element-3cf01c8 elementor-section-boxed elementor-section-height-default elementor-section-height-default\" data-id=\"3cf01c8\" data-element_type=\"section\" data-e-type=\"section\">\n\t\t\t\t\t\t<div class=\"elementor-container elementor-column-gap-default\">\n\t\t\t\t\t<div class=\"elementor-column elementor-col-100 elementor-inner-column elementor-element elementor-element-0a955e5\" data-id=\"0a955e5\" data-element_type=\"column\" data-e-type=\"column\">\n\t\t\t<div class=\"elementor-widget-wrap elementor-element-populated\">\n\t\t\t\t\t\t<div class=\"elementor-element elementor-element-526294c elementor-widget elementor-widget-text-editor\" data-id=\"526294c\" data-element_type=\"widget\" data-e-type=\"widget\" data-widget_type=\"text-editor.default\">\n\t\t\t\t<div class=\"elementor-widget-container\">\n\t\t\t\t\t\t\t\t\t<p>Please fill out the form below and click &#8220;Submit.&#8221;<\/p>\n\t\t\t\t\t\t\t\t<\/div>\n\t\t\t\t<\/div>\n\t\t\t\t\t<\/div>\n\t\t<\/div>\n\t\t\t\t\t<\/div>\n\t\t<\/section>\n\t\t\t\t<section class=\"elementor-section elementor-inner-section elementor-element elementor-element-e9980f6 elementor-section-boxed elementor-section-height-default elementor-section-height-default\" data-id=\"e9980f6\" data-element_type=\"section\" data-e-type=\"section\">\n\t\t\t\t\t\t<div class=\"elementor-container elementor-column-gap-default\">\n\t\t\t\t\t<div class=\"elementor-column elementor-col-100 elementor-inner-column elementor-element elementor-element-9fc7384\" data-id=\"9fc7384\" data-element_type=\"column\" data-e-type=\"column\">\n\t\t\t<div class=\"elementor-widget-wrap elementor-element-populated\">\n\t\t\t\t\t\t<div class=\"elementor-element elementor-element-656e342 elementor-widget elementor-widget-heading\" data-id=\"656e342\" data-element_type=\"widget\" data-e-type=\"widget\" data-widget_type=\"heading.default\">\n\t\t\t\t<div class=\"elementor-widget-container\">\n\t\t\t\t\t<h2 class=\"elementor-heading-title elementor-size-default\">How is the information handled?<\/h2>\t\t\t\t<\/div>\n\t\t\t\t<\/div>\n\t\t\t\t<div class=\"elementor-element elementor-element-46efb97 elementor-widget elementor-widget-text-editor\" data-id=\"46efb97\" data-element_type=\"widget\" data-e-type=\"widget\" data-widget_type=\"text-editor.default\">\n\t\t\t\t<div class=\"elementor-widget-container\">\n\t\t\t\t\t\t\t\t\t<p>This page is SSL encrypted. The information sent through this form is encrypted and goes via our server in a secure way. No unauthorized person has access to the information.<\/p>\n\t\t\t\t\t\t\t\t<\/div>\n\t\t\t\t<\/div>\n\t\t\t\t\t<\/div>\n\t\t<\/div>\n\t\t\t\t\t<\/div>\n\t\t<\/section>\n\t\t\t\t<section class=\"elementor-section elementor-inner-section elementor-element elementor-element-2f6e381 elementor-section-boxed elementor-section-height-default elementor-section-height-default\" data-id=\"2f6e381\" data-element_type=\"section\" data-e-type=\"section\">\n\t\t\t\t\t\t<div class=\"elementor-container elementor-column-gap-default\">\n\t\t\t\t\t<div class=\"elementor-column elementor-col-100 elementor-inner-column elementor-element elementor-element-11dcf4f\" data-id=\"11dcf4f\" data-element_type=\"column\" data-e-type=\"column\">\n\t\t\t<div class=\"elementor-widget-wrap elementor-element-populated\">\n\t\t\t\t\t\t<div class=\"elementor-element elementor-element-c2b745f elementor-widget elementor-widget-heading\" data-id=\"c2b745f\" data-element_type=\"widget\" data-e-type=\"widget\" data-widget_type=\"heading.default\">\n\t\t\t\t<div class=\"elementor-widget-container\">\n\t\t\t\t\t<h2 class=\"elementor-heading-title elementor-size-default\">Patient Information<\/h2>\t\t\t\t<\/div>\n\t\t\t\t<\/div>\n\t\t\t\t\t<\/div>\n\t\t<\/div>\n\t\t\t\t\t<\/div>\n\t\t<\/section>\n\t\t\t\t<section class=\"elementor-section elementor-inner-section elementor-element elementor-element-ff58c45 elementor-section-boxed elementor-section-height-default elementor-section-height-default\" data-id=\"ff58c45\" data-element_type=\"section\" data-e-type=\"section\">\n\t\t\t\t\t\t<div class=\"elementor-container elementor-column-gap-default\">\n\t\t\t\t\t<div class=\"elementor-column elementor-col-100 elementor-inner-column elementor-element elementor-element-8e32976\" data-id=\"8e32976\" data-element_type=\"column\" data-e-type=\"column\">\n\t\t\t<div class=\"elementor-widget-wrap elementor-element-populated\">\n\t\t\t\t\t\t<div class=\"elementor-element elementor-element-922407c elementor-button-align-center elementor-widget elementor-widget-form\" data-id=\"922407c\" data-element_type=\"widget\" data-e-type=\"widget\" data-settings=\"{&quot;step_next_label&quot;:&quot;Next&quot;,&quot;step_previous_label&quot;:&quot;Previous&quot;,&quot;button_width&quot;:&quot;100&quot;,&quot;step_type&quot;:&quot;number_text&quot;,&quot;step_icon_shape&quot;:&quot;circle&quot;}\" data-widget_type=\"form.default\">\n\t\t\t\t<div class=\"elementor-widget-container\">\n\t\t\t\t\t\t\t<form class=\"elementor-form\" method=\"post\" name=\"Referral\" aria-label=\"Referral\">\n\t\t\t<input type=\"hidden\" name=\"post_id\" value=\"4094\"\/>\n\t\t\t<input type=\"hidden\" name=\"form_id\" value=\"922407c\"\/>\n\t\t\t<input type=\"hidden\" name=\"referer_title\" value=\"Referrals - Bj\u00e4rreds Tandl\u00e4kargrupp\" \/>\n\n\t\t\t\t\t\t\t<input type=\"hidden\" name=\"queried_id\" value=\"4094\"\/>\n\t\t\t\n\t\t\t<div class=\"elementor-form-fields-wrapper elementor-labels-\">\n\t\t\t\t\t\t\t\t<div class=\"elementor-field-type-text elementor-field-group elementor-column elementor-field-group-name elementor-col-50 elementor-field-required\">\n\t\t\t\t\t\t\t\t\t\t\t\t<label for=\"form-field-name\" class=\"elementor-field-label elementor-screen-only\">\n\t\t\t\t\t\t\t\tFirst Name\t\t\t\t\t\t\t<\/label>\n\t\t\t\t\t\t\t\t\t\t\t\t\t\t<input size=\"1\" type=\"text\" name=\"form_fields[name]\" id=\"form-field-name\" class=\"elementor-field elementor-size-md  elementor-field-textual\" placeholder=\"First Name\" required=\"required\">\n\t\t\t\t\t\t\t\t\t\t\t<\/div>\n\t\t\t\t\t\t\t\t<div class=\"elementor-field-type-text elementor-field-group elementor-column elementor-field-group-field_19de389 elementor-col-50 elementor-field-required\">\n\t\t\t\t\t\t\t\t\t\t\t\t<label for=\"form-field-field_19de389\" class=\"elementor-field-label elementor-screen-only\">\n\t\t\t\t\t\t\t\tLast Name\t\t\t\t\t\t\t<\/label>\n\t\t\t\t\t\t\t\t\t\t\t\t\t\t<input size=\"1\" type=\"text\" name=\"form_fields[field_19de389]\" id=\"form-field-field_19de389\" class=\"elementor-field elementor-size-md  elementor-field-textual\" placeholder=\"Last Name\" required=\"required\">\n\t\t\t\t\t\t\t\t\t\t\t<\/div>\n\t\t\t\t\t\t\t\t<div class=\"elementor-field-type-text elementor-field-group elementor-column elementor-field-group-field_6b6b6eb elementor-col-50 elementor-md-50 elementor-field-required\">\n\t\t\t\t\t\t\t\t\t\t\t\t<label for=\"form-field-field_6b6b6eb\" class=\"elementor-field-label elementor-screen-only\">\n\t\t\t\t\t\t\t\tDate of birth\t\t\t\t\t\t\t<\/label>\n\t\t\t\t\t\t\t\t\t\t\t\t\t\t<input size=\"1\" type=\"text\" name=\"form_fields[field_6b6b6eb]\" id=\"form-field-field_6b6b6eb\" class=\"elementor-field elementor-size-md  elementor-field-textual\" placeholder=\"Date of birth (Year \/ Month \/ Day)\" required=\"required\">\n\t\t\t\t\t\t\t\t\t\t\t<\/div>\n\t\t\t\t\t\t\t\t<div class=\"elementor-field-type-tel elementor-field-group elementor-column elementor-field-group-field_1bd09cf elementor-col-50 elementor-md-50 elementor-field-required\">\n\t\t\t\t\t\t\t\t\t\t\t\t<label for=\"form-field-field_1bd09cf\" class=\"elementor-field-label elementor-screen-only\">\n\t\t\t\t\t\t\t\tPhone\t\t\t\t\t\t\t<\/label>\n\t\t\t\t\t\t\t\t<input size=\"1\" type=\"tel\" name=\"form_fields[field_1bd09cf]\" id=\"form-field-field_1bd09cf\" class=\"elementor-field elementor-size-md  elementor-field-textual\" placeholder=\"Phone\" required=\"required\" pattern=\"[0-9()#&amp;+*-=.]+\" title=\"Only numbers and phone characters (#, -, *, etc) are accepted.\">\n\n\t\t\t\t\t\t<\/div>\n\t\t\t\t\t\t\t\t<div class=\"elementor-field-type-text elementor-field-group elementor-column elementor-field-group-field_1b1fb24 elementor-col-40 elementor-md-50\">\n\t\t\t\t\t\t\t\t\t\t\t\t<label for=\"form-field-field_1b1fb24\" class=\"elementor-field-label elementor-screen-only\">\n\t\t\t\t\t\t\t\tStreet address\t\t\t\t\t\t\t<\/label>\n\t\t\t\t\t\t\t\t\t\t\t\t\t\t<input size=\"1\" type=\"text\" name=\"form_fields[field_1b1fb24]\" id=\"form-field-field_1b1fb24\" class=\"elementor-field elementor-size-md  elementor-field-textual\" placeholder=\"Street address\">\n\t\t\t\t\t\t\t\t\t\t\t<\/div>\n\t\t\t\t\t\t\t\t<div class=\"elementor-field-type-text elementor-field-group elementor-column elementor-field-group-field_9a4aa28 elementor-col-40 elementor-md-50\">\n\t\t\t\t\t\t\t\t\t\t\t\t<label for=\"form-field-field_9a4aa28\" class=\"elementor-field-label elementor-screen-only\">\n\t\t\t\t\t\t\t\tPostcode \/ city\t\t\t\t\t\t\t<\/label>\n\t\t\t\t\t\t\t\t\t\t\t\t\t\t<input size=\"1\" type=\"text\" name=\"form_fields[field_9a4aa28]\" id=\"form-field-field_9a4aa28\" class=\"elementor-field elementor-size-md  elementor-field-textual\" placeholder=\"Postcode \/ city\">\n\t\t\t\t\t\t\t\t\t\t\t<\/div>\n\t\t\t\t\t\t\t\t<div class=\"elementor-field-type-text elementor-field-group elementor-column elementor-field-group-field_65d50bc elementor-col-20 elementor-md-50\">\n\t\t\t\t\t\t\t\t\t\t\t\t<label for=\"form-field-field_65d50bc\" class=\"elementor-field-label elementor-screen-only\">\n\t\t\t\t\t\t\t\tCountry\t\t\t\t\t\t\t<\/label>\n\t\t\t\t\t\t\t\t\t\t\t\t\t\t<input size=\"1\" type=\"text\" name=\"form_fields[field_65d50bc]\" id=\"form-field-field_65d50bc\" class=\"elementor-field elementor-size-md  elementor-field-textual\" placeholder=\"Country\">\n\t\t\t\t\t\t\t\t\t\t\t<\/div>\n\t\t\t\t\t\t\t\t<div class=\"elementor-field-type-textarea elementor-field-group elementor-column elementor-field-group-message elementor-col-100 elementor-field-required\">\n\t\t\t\t\t\t\t\t\t\t\t\t<label for=\"form-field-message\" class=\"elementor-field-label elementor-screen-only\">\n\t\t\t\t\t\t\t\tDiagnosis\t\t\t\t\t\t\t<\/label>\n\t\t\t\t\t\t<textarea class=\"elementor-field-textual elementor-field  elementor-size-md\" name=\"form_fields[message]\" id=\"form-field-message\" rows=\"7\" placeholder=\"Diagnosis\" required=\"required\"><\/textarea>\t\t\t\t<\/div>\n\t\t\t\t\t\t\t\t<div class=\"elementor-field-type-textarea elementor-field-group elementor-column elementor-field-group-field_9414f05 elementor-col-100 elementor-field-required\">\n\t\t\t\t\t\t\t\t\t\t\t\t<label for=\"form-field-field_9414f05\" class=\"elementor-field-label elementor-screen-only\">\n\t\t\t\t\t\t\t\tThe following treatments are suggested \/ desired\t\t\t\t\t\t\t<\/label>\n\t\t\t\t\t\t<textarea class=\"elementor-field-textual elementor-field  elementor-size-md\" name=\"form_fields[field_9414f05]\" id=\"form-field-field_9414f05\" rows=\"7\" placeholder=\"The following treatments are suggested \/ desired\" required=\"required\"><\/textarea>\t\t\t\t<\/div>\n\t\t\t\t\t\t\t\t<div class=\"elementor-field-type-textarea elementor-field-group elementor-column elementor-field-group-field_76c62a2 elementor-col-100\">\n\t\t\t\t\t\t\t\t\t\t\t\t<label for=\"form-field-field_76c62a2\" class=\"elementor-field-label elementor-screen-only\">\n\t\t\t\t\t\t\t\tAny other important information\t\t\t\t\t\t\t<\/label>\n\t\t\t\t\t\t<textarea class=\"elementor-field-textual elementor-field  elementor-size-md\" name=\"form_fields[field_76c62a2]\" id=\"form-field-field_76c62a2\" rows=\"7\" placeholder=\"Any other important information\"><\/textarea>\t\t\t\t<\/div>\n\t\t\t\t\t\t\t\t<div class=\"elementor-field-type-text elementor-field-group elementor-column elementor-field-group-field_c8051c5 elementor-col-40 elementor-md-50\">\n\t\t\t\t\t\t\t\t\t\t\t\t<label for=\"form-field-field_c8051c5\" class=\"elementor-field-label elementor-screen-only\">\n\t\t\t\t\t\t\t\tImplant System\t\t\t\t\t\t\t<\/label>\n\t\t\t\t\t\t\t\t\t\t\t\t\t\t<input size=\"1\" type=\"text\" name=\"form_fields[field_c8051c5]\" id=\"form-field-field_c8051c5\" class=\"elementor-field elementor-size-md  elementor-field-textual\" placeholder=\"Implant System\">\n\t\t\t\t\t\t\t\t\t\t\t<\/div>\n\t\t\t\t\t\t\t\t<div class=\"elementor-field-type-text elementor-field-group elementor-column elementor-field-group-field_0b51bb6 elementor-col-40 elementor-md-50\">\n\t\t\t\t\t\t\t\t\t\t\t\t<label for=\"form-field-field_0b51bb6\" class=\"elementor-field-label elementor-screen-only\">\n\t\t\t\t\t\t\t\tReferring Dentist\/Clinic\t\t\t\t\t\t\t<\/label>\n\t\t\t\t\t\t\t\t\t\t\t\t\t\t<input size=\"1\" type=\"text\" name=\"form_fields[field_0b51bb6]\" id=\"form-field-field_0b51bb6\" class=\"elementor-field elementor-size-md  elementor-field-textual\" placeholder=\"Referring Dentist\/Clinic\">\n\t\t\t\t\t\t\t\t\t\t\t<\/div>\n\t\t\t\t\t\t\t\t<div class=\"elementor-field-type-text elementor-field-group elementor-column elementor-field-group-field_7575f16 elementor-col-20 elementor-md-50\">\n\t\t\t\t\t\t\t\t\t\t\t\t<label for=\"form-field-field_7575f16\" class=\"elementor-field-label elementor-screen-only\">\n\t\t\t\t\t\t\t\tDate\t\t\t\t\t\t\t<\/label>\n\t\t\t\t\t\t\t\t\t\t\t\t\t\t<input size=\"1\" type=\"text\" name=\"form_fields[field_7575f16]\" id=\"form-field-field_7575f16\" class=\"elementor-field elementor-size-md  elementor-field-textual\" placeholder=\"Date\">\n\t\t\t\t\t\t\t\t\t\t\t<\/div>\n\t\t\t\t\t\t\t\t<div class=\"elementor-field-type-html elementor-field-group elementor-column elementor-field-group-field_299b080 elementor-col-100\">\n\t\t\t\t\tATTACH FILES - Max 20 MG per file. Max 100 MG in total.\t\t\t\t<\/div>\n\t\t\t\t\t\t\t\t<div class=\"elementor-field-type-upload elementor-field-group elementor-column elementor-field-group-field_2d28300 elementor-col-100\">\n\t\t\t\t\t\t\t\t\t\t\t\t<label for=\"form-field-field_2d28300\" class=\"elementor-field-label elementor-screen-only\">\n\t\t\t\t\t\t\t\tAttached files\t\t\t\t\t\t\t<\/label>\n\t\t\t\t\t\t\t\t<input type=\"file\" name=\"form_fields[field_2d28300][]\" id=\"form-field-field_2d28300\" class=\"elementor-field elementor-size-md  elementor-upload-field\" multiple=\"multiple\" data-maxsize=\"20\" data-maxsize-message=\"This file exceeds the maximum allowed size.\">\n\n\t\t\t\t\t\t<\/div>\n\t\t\t\t\t\t\t\t<div class=\"elementor-field-type-recaptcha_v3 elementor-field-group elementor-column elementor-field-group-field_cbc7949 elementor-col-100 recaptcha_v3-bottomright\">\n\t\t\t\t\t<div class=\"elementor-field\" id=\"form-field-field_cbc7949\"><div class=\"elementor-g-recaptcha\" data-sitekey=\"6LeOmGYiAAAAAOfe-FIVAKaqVSdO-QGanhmryYG8\" data-type=\"v3\" data-action=\"Form\" data-badge=\"bottomright\" data-size=\"invisible\"><\/div><\/div>\t\t\t\t<\/div>\n\t\t\t\t\t\t\t\t<div class=\"elementor-field-group elementor-column elementor-field-type-submit elementor-col-100 e-form__buttons\">\n\t\t\t\t\t<button class=\"elementor-button elementor-size-sm\" type=\"submit\">\n\t\t\t\t\t\t<span class=\"elementor-button-content-wrapper\">\n\t\t\t\t\t\t\t\t\t\t\t\t\t\t\t\t\t\t\t\t\t\t<span class=\"elementor-button-text\">Send<\/span>\n\t\t\t\t\t\t\t\t\t\t\t\t\t<\/span>\n\t\t\t\t\t<\/button>\n\t\t\t\t<\/div>\n\t\t\t<\/div>\n\t\t<\/form>\n\t\t\t\t\t\t<\/div>\n\t\t\t\t<\/div>\n\t\t\t\t<div class=\"elementor-element elementor-element-cb0559a elementor-widget elementor-widget-global elementor-global-2747 elementor-widget-text-editor\" data-id=\"cb0559a\" data-element_type=\"widget\" data-e-type=\"widget\" data-widget_type=\"text-editor.default\">\n\t\t\t\t<div class=\"elementor-widget-container\">\n\t\t\t\t\t\t\t\t\tThis site is protected by reCAPTCHA and the Google <a class=\"white-link\" href=\"https:\/\/policies.google.com\/privacy\" target=\"_blank\" >Privacy Policy<\/a> and <a class=\"white-link\" href=\"https:\/\/policies.google.com\/terms\" target=\"_blank\" >Terms of Service<\/a> apply.\t\t\t\t\t\t\t\t<\/div>\n\t\t\t\t<\/div>\n\t\t\t\t\t<\/div>\n\t\t<\/div>\n\t\t\t\t\t<\/div>\n\t\t<\/section>\n\t\t\t\t\t<\/div>\n\t\t<\/div>\n\t\t\t\t\t<\/div>\n\t\t<\/section>\n\t\t\t\t<\/div>\n\t\t","protected":false},"excerpt":{"rendered":"<p>Submit Referral Form Please fill out the form below and click &#8220;Submit.&#8221; How is the information handled? This page is SSL encrypted. The information sent through this form is encrypted and goes via our server in a secure way. No unauthorized person has access to the information. Patient Information This site is protected by reCAPTCHA [&hellip;]<\/p>\n","protected":false},"author":2,"featured_media":0,"parent":0,"menu_order":0,"comment_status":"closed","ping_status":"closed","template":"","meta":{"inline_featured_image":false,"footnotes":""},"class_list":["post-4094","page","type-page","status-publish","hentry"],"yoast_head":"<!-- This site is optimized with the Yoast SEO plugin v27.4 - https:\/\/yoast.com\/product\/yoast-seo-wordpress\/ -->\n<title>Referrals - Bj\u00e4rreds Tandl\u00e4kargrupp<\/title>\n<meta name=\"description\" content=\"We offer you a complete and modern dental care where all treatments take place at the same clinic.\" \/>\n<meta name=\"robots\" content=\"index, nofollow, max-snippet:-1, max-image-preview:large, max-video-preview:-1\" \/>\n<link rel=\"canonical\" href=\"https:\/\/bjarredstandlakargrupp.se\/en\/referrals\/\" \/>\n<meta property=\"og:locale\" content=\"en_US\" \/>\n<meta property=\"og:type\" content=\"article\" \/>\n<meta property=\"og:title\" content=\"Referrals - Bj\u00e4rreds Tandl\u00e4kargrupp\" \/>\n<meta property=\"og:description\" content=\"We offer you a complete and modern dental care where all treatments take place at the same clinic.\" \/>\n<meta property=\"og:url\" content=\"https:\/\/bjarredstandlakargrupp.se\/en\/referrals\/\" \/>\n<meta property=\"og:site_name\" content=\"Bj\u00e4rreds Tandl\u00e4kargrupp\" \/>\n<meta property=\"article:modified_time\" content=\"2023-11-15T02:14:00+00:00\" \/>\n<meta name=\"twitter:card\" content=\"summary_large_image\" \/>\n<meta name=\"twitter:label1\" content=\"Est. reading time\" \/>\n\t<meta name=\"twitter:data1\" content=\"1 minute\" \/>\n<script type=\"application\/ld+json\" class=\"yoast-schema-graph\">{\"@context\":\"https:\\\/\\\/schema.org\",\"@graph\":[{\"@type\":\"WebPage\",\"@id\":\"https:\\\/\\\/bjarredstandlakargrupp.se\\\/en\\\/referrals\\\/\",\"url\":\"https:\\\/\\\/bjarredstandlakargrupp.se\\\/en\\\/referrals\\\/\",\"name\":\"Referrals - Bj\u00e4rreds Tandl\u00e4kargrupp\",\"isPartOf\":{\"@id\":\"https:\\\/\\\/bjarredstandlakargrupp.se\\\/en\\\/#website\"},\"datePublished\":\"2022-04-04T19:36:14+00:00\",\"dateModified\":\"2023-11-15T02:14:00+00:00\",\"description\":\"We offer you a complete and modern dental care where all treatments take place at the same clinic.\",\"breadcrumb\":{\"@id\":\"https:\\\/\\\/bjarredstandlakargrupp.se\\\/en\\\/referrals\\\/#breadcrumb\"},\"inLanguage\":\"en-US\",\"potentialAction\":[{\"@type\":\"ReadAction\",\"target\":[\"https:\\\/\\\/bjarredstandlakargrupp.se\\\/en\\\/referrals\\\/\"]}]},{\"@type\":\"BreadcrumbList\",\"@id\":\"https:\\\/\\\/bjarredstandlakargrupp.se\\\/en\\\/referrals\\\/#breadcrumb\",\"itemListElement\":[{\"@type\":\"ListItem\",\"position\":1,\"name\":\"Home\",\"item\":\"https:\\\/\\\/bjarredstandlakargrupp.se\\\/en\\\/\"},{\"@type\":\"ListItem\",\"position\":2,\"name\":\"Referrals\"}]},{\"@type\":\"WebSite\",\"@id\":\"https:\\\/\\\/bjarredstandlakargrupp.se\\\/en\\\/#website\",\"url\":\"https:\\\/\\\/bjarredstandlakargrupp.se\\\/en\\\/\",\"name\":\"Bj\u00e4rreds Tandl\u00e4kargrupp\",\"description\":\"Komplett och Modern Tandv\u00e5rd\",\"publisher\":{\"@id\":\"https:\\\/\\\/bjarredstandlakargrupp.se\\\/en\\\/#organization\"},\"potentialAction\":[{\"@type\":\"SearchAction\",\"target\":{\"@type\":\"EntryPoint\",\"urlTemplate\":\"https:\\\/\\\/bjarredstandlakargrupp.se\\\/en\\\/?s={search_term_string}\"},\"query-input\":{\"@type\":\"PropertyValueSpecification\",\"valueRequired\":true,\"valueName\":\"search_term_string\"}}],\"inLanguage\":\"en-US\"},{\"@type\":\"Organization\",\"@id\":\"https:\\\/\\\/bjarredstandlakargrupp.se\\\/en\\\/#organization\",\"name\":\"Bj\u00e4rreds Tandl\u00e4kargrupp\",\"url\":\"https:\\\/\\\/bjarredstandlakargrupp.se\\\/en\\\/\",\"logo\":{\"@type\":\"ImageObject\",\"inLanguage\":\"en-US\",\"@id\":\"https:\\\/\\\/bjarredstandlakargrupp.se\\\/en\\\/#\\\/schema\\\/logo\\\/image\\\/\",\"url\":\"https:\\\/\\\/bjarredstandlakargrupp.se\\\/wp-content\\\/uploads\\\/2023\\\/05\\\/BTG-logo-white.png\",\"contentUrl\":\"https:\\\/\\\/bjarredstandlakargrupp.se\\\/wp-content\\\/uploads\\\/2023\\\/05\\\/BTG-logo-white.png\",\"width\":894,\"height\":200,\"caption\":\"Bj\u00e4rreds Tandl\u00e4kargrupp\"},\"image\":{\"@id\":\"https:\\\/\\\/bjarredstandlakargrupp.se\\\/en\\\/#\\\/schema\\\/logo\\\/image\\\/\"}}]}<\/script>\n<!-- \/ Yoast SEO plugin. -->","yoast_head_json":{"title":"Referrals - Bj\u00e4rreds Tandl\u00e4kargrupp","description":"We offer you a complete and modern dental care where all treatments take place at the same clinic.","robots":{"index":"index","follow":"nofollow","max-snippet":"max-snippet:-1","max-image-preview":"max-image-preview:large","max-video-preview":"max-video-preview:-1"},"canonical":"https:\/\/bjarredstandlakargrupp.se\/en\/referrals\/","og_locale":"en_US","og_type":"article","og_title":"Referrals - Bj\u00e4rreds Tandl\u00e4kargrupp","og_description":"We offer you a complete and modern dental care where all treatments take place at the same clinic.","og_url":"https:\/\/bjarredstandlakargrupp.se\/en\/referrals\/","og_site_name":"Bj\u00e4rreds Tandl\u00e4kargrupp","article_modified_time":"2023-11-15T02:14:00+00:00","twitter_card":"summary_large_image","twitter_misc":{"Est. reading time":"1 minute"},"schema":{"@context":"https:\/\/schema.org","@graph":[{"@type":"WebPage","@id":"https:\/\/bjarredstandlakargrupp.se\/en\/referrals\/","url":"https:\/\/bjarredstandlakargrupp.se\/en\/referrals\/","name":"Referrals - Bj\u00e4rreds Tandl\u00e4kargrupp","isPartOf":{"@id":"https:\/\/bjarredstandlakargrupp.se\/en\/#website"},"datePublished":"2022-04-04T19:36:14+00:00","dateModified":"2023-11-15T02:14:00+00:00","description":"We offer you a complete and modern dental care where all treatments take place at the same clinic.","breadcrumb":{"@id":"https:\/\/bjarredstandlakargrupp.se\/en\/referrals\/#breadcrumb"},"inLanguage":"en-US","potentialAction":[{"@type":"ReadAction","target":["https:\/\/bjarredstandlakargrupp.se\/en\/referrals\/"]}]},{"@type":"BreadcrumbList","@id":"https:\/\/bjarredstandlakargrupp.se\/en\/referrals\/#breadcrumb","itemListElement":[{"@type":"ListItem","position":1,"name":"Home","item":"https:\/\/bjarredstandlakargrupp.se\/en\/"},{"@type":"ListItem","position":2,"name":"Referrals"}]},{"@type":"WebSite","@id":"https:\/\/bjarredstandlakargrupp.se\/en\/#website","url":"https:\/\/bjarredstandlakargrupp.se\/en\/","name":"Bj\u00e4rreds Tandl\u00e4kargrupp","description":"Komplett och Modern Tandv\u00e5rd","publisher":{"@id":"https:\/\/bjarredstandlakargrupp.se\/en\/#organization"},"potentialAction":[{"@type":"SearchAction","target":{"@type":"EntryPoint","urlTemplate":"https:\/\/bjarredstandlakargrupp.se\/en\/?s={search_term_string}"},"query-input":{"@type":"PropertyValueSpecification","valueRequired":true,"valueName":"search_term_string"}}],"inLanguage":"en-US"},{"@type":"Organization","@id":"https:\/\/bjarredstandlakargrupp.se\/en\/#organization","name":"Bj\u00e4rreds Tandl\u00e4kargrupp","url":"https:\/\/bjarredstandlakargrupp.se\/en\/","logo":{"@type":"ImageObject","inLanguage":"en-US","@id":"https:\/\/bjarredstandlakargrupp.se\/en\/#\/schema\/logo\/image\/","url":"https:\/\/bjarredstandlakargrupp.se\/wp-content\/uploads\/2023\/05\/BTG-logo-white.png","contentUrl":"https:\/\/bjarredstandlakargrupp.se\/wp-content\/uploads\/2023\/05\/BTG-logo-white.png","width":894,"height":200,"caption":"Bj\u00e4rreds Tandl\u00e4kargrupp"},"image":{"@id":"https:\/\/bjarredstandlakargrupp.se\/en\/#\/schema\/logo\/image\/"}}]}},"_links":{"self":[{"href":"https:\/\/bjarredstandlakargrupp.se\/en\/wp-json\/wp\/v2\/pages\/4094","targetHints":{"allow":["GET"]}}],"collection":[{"href":"https:\/\/bjarredstandlakargrupp.se\/en\/wp-json\/wp\/v2\/pages"}],"about":[{"href":"https:\/\/bjarredstandlakargrupp.se\/en\/wp-json\/wp\/v2\/types\/page"}],"author":[{"embeddable":true,"href":"https:\/\/bjarredstandlakargrupp.se\/en\/wp-json\/wp\/v2\/users\/2"}],"replies":[{"embeddable":true,"href":"https:\/\/bjarredstandlakargrupp.se\/en\/wp-json\/wp\/v2\/comments?post=4094"}],"version-history":[{"count":0,"href":"https:\/\/bjarredstandlakargrupp.se\/en\/wp-json\/wp\/v2\/pages\/4094\/revisions"}],"wp:attachment":[{"href":"https:\/\/bjarredstandlakargrupp.se\/en\/wp-json\/wp\/v2\/media?parent=4094"}],"curies":[{"name":"wp","href":"https:\/\/api.w.org\/{rel}","templated":true}]}}